{"id":8560,"date":"2015-08-09T07:12:01","date_gmt":"2015-08-09T07:12:01","guid":{"rendered":"https:\/\/grind-tech.ch\/gt\/about-us\/"},"modified":"2023-07-13T14:43:09","modified_gmt":"2023-07-13T14:43:09","slug":"ueber-uns","status":"publish","type":"page","link":"https:\/\/grind-tech.ch\/gt\/ueber-uns\/","title":{"rendered":"\u00dcber uns"},"content":{"rendered":"<p>[vc_row type=&#8220;full-width-section&#8220; css=&#8220;.vc_custom_1548746510634{margin-bottom: 0px !important;padding-top: 50px !important;padding-bottom: 40px !important;background-color: #f6f7f8 !important;}&#8220;][vc_column][vc_custom_heading text=&#8220;\u00dcber uns&#8220; font_container=&#8220;tag:h2|text_align:center&#8220; google_fonts=&#8220;font_family:Poppins%3Aregular|font_style:400%20regular%3A400%3Anormal&#8220;][vc_column_text]GRINDING TECH. wurde im Jahre 2007 aufgrund der Erfahrungen und Kenntnisse auf dem Gebiet des Schleifens in der Schweiz gegr\u00fcndet.<br \/>\nGRINDING TECH. vertritt heute Schneidwerkzeugmaschinenhersteller wie ROLLOMATIC\/STRAUSAK, im Gebiet des Aussen\/Innen und Vertikal Schleifens DANOBAT\/OVERBECK, f\u00fcr das Durchgangschleifen LINEAR ABRASIVE, im Spitzenlos Schleifen TSCHUDIN, f\u00fcr das PKD\/CBN Wendeplatten Schleifen AGATHON, f\u00fcr das Zentrums Schleifen HENNINGER\/KLEIN und als erweiterte Produkte die Firmen GERBER f\u00fcr das B\u00fcrsten und SECKLER f\u00fcr Automation\/Robotersysteme.<\/p>\n<p>Mit mehr als einem halben Jahrhundert Erfahrung sind alle diese Unternehmen in fortschrittlichen Industriebereichen wie der allgemeinen Fertigung, der Hydraulik, Werkzeugbau, der Luftfahrt, der Medizin und der Automobilindustrie t\u00e4tig.<\/p>\n<p>GRINDING TECH. bietet erstklassige Prozessanwendungen und -l\u00f6sungen mit erstklassigen Schweizer und Deutsch\/Spanischen Unternehmen, die sich auf das Schleifen spezialisiert haben.[\/vc_column_text][\/vc_column][\/vc_row]<\/p>\n","protected":false},"excerpt":{"rendered":"<p>[vc_row type=&#8220;full-width-section&#8220; css=&#8220;.vc_custom_1548746510634{margin-bottom: 0px !important;padding-top: 50px !important;padding-bottom: 40px !important;background-color: #f6f7f8 !important;}&#8220;][vc_column][vc_custom_heading text=&#8220;\u00dcber uns&#8220; font_container=&#8220;tag:h2|text_align:center&#8220; google_fonts=&#8220;font_family:Poppins%3Aregular|font_style:400%20regular%3A400%3Anormal&#8220;][vc_column_text]GRINDING TECH. wurde im Jahre 2007 aufgrund der Erfahrungen und Kenntnisse auf dem Gebiet des Schleifens in der Schweiz gegr\u00fcndet. GRINDING TECH. vertritt heute Schneidwerkzeugmaschinenhersteller wie ROLLOMATIC\/STRAUSAK, im Gebiet des Aussen\/Innen und Vertikal Schleifens DANOBAT\/OVERBECK, f\u00fcr das Durchgangschleifen LINEAR ABRASIVE, im<br \/><a href=\"https:\/\/grind-tech.ch\/gt\/ueber-uns\/\" class=\"more\">Read more<\/a><\/p>\n","protected":false},"author":1,"featured_media":0,"parent":0,"menu_order":0,"comment_status":"closed","ping_status":"open","template":"","meta":{"footnotes":""},"class_list":["post-8560","page","type-page","status-publish","hentry"],"yoast_head":"<!-- This site is optimized with the Yoast SEO plugin v27.3 - https:\/\/yoast.com\/product\/yoast-seo-wordpress\/ -->\n<title>\u00dcber uns - Grinding Technologies GmbH<\/title>\n<meta name=\"robots\" content=\"index, follow, max-snippet:-1, max-image-preview:large, max-video-preview:-1\" \/>\n<link rel=\"canonical\" href=\"https:\/\/grind-tech.ch\/gt\/ueber-uns\/\" \/>\n<meta property=\"og:locale\" content=\"de_DE\" \/>\n<meta property=\"og:type\" content=\"article\" \/>\n<meta property=\"og:title\" content=\"\u00dcber uns - Grinding Technologies GmbH\" \/>\n<meta property=\"og:description\" content=\"[vc_row type=&#8220;full-width-section&#8220; css=&#8220;.vc_custom_1548746510634{margin-bottom: 0px !important;padding-top: 50px !important;padding-bottom: 40px !important;background-color: #f6f7f8 !important;}&#8220;][vc_column][vc_custom_heading text=&#8220;\u00dcber uns&#8220; font_container=&#8220;tag:h2|text_align:center&#8220; google_fonts=&#8220;font_family:Poppins%3Aregular|font_style:400%20regular%3A400%3Anormal&#8220;][vc_column_text]GRINDING TECH. wurde im Jahre 2007 aufgrund der Erfahrungen und Kenntnisse auf dem Gebiet des Schleifens in der Schweiz gegr\u00fcndet. GRINDING TECH. vertritt heute Schneidwerkzeugmaschinenhersteller wie ROLLOMATIC\/STRAUSAK, im Gebiet des Aussen\/Innen und Vertikal Schleifens DANOBAT\/OVERBECK, f\u00fcr das Durchgangschleifen LINEAR ABRASIVE, imRead more\" \/>\n<meta property=\"og:url\" content=\"https:\/\/grind-tech.ch\/gt\/ueber-uns\/\" \/>\n<meta property=\"og:site_name\" content=\"Grinding Technologies GmbH\" \/>\n<meta property=\"article:modified_time\" content=\"2023-07-13T14:43:09+00:00\" \/>\n<meta name=\"twitter:card\" content=\"summary_large_image\" \/>\n<meta name=\"twitter:label1\" content=\"Gesch\u00e4tzte Lesezeit\" \/>\n\t<meta name=\"twitter:data1\" content=\"1\u00a0Minute\" \/>\n<script type=\"application\/ld+json\" class=\"yoast-schema-graph\">{\"@context\":\"https:\\\/\\\/schema.org\",\"@graph\":[{\"@type\":\"WebPage\",\"@id\":\"https:\\\/\\\/grind-tech.ch\\\/gt\\\/ueber-uns\\\/\",\"url\":\"https:\\\/\\\/grind-tech.ch\\\/gt\\\/ueber-uns\\\/\",\"name\":\"\u00dcber uns - Grinding Technologies GmbH\",\"isPartOf\":{\"@id\":\"https:\\\/\\\/grind-tech.ch\\\/gt\\\/#website\"},\"datePublished\":\"2015-08-09T07:12:01+00:00\",\"dateModified\":\"2023-07-13T14:43:09+00:00\",\"breadcrumb\":{\"@id\":\"https:\\\/\\\/grind-tech.ch\\\/gt\\\/ueber-uns\\\/#breadcrumb\"},\"inLanguage\":\"de\",\"potentialAction\":[{\"@type\":\"ReadAction\",\"target\":[\"https:\\\/\\\/grind-tech.ch\\\/gt\\\/ueber-uns\\\/\"]}]},{\"@type\":\"BreadcrumbList\",\"@id\":\"https:\\\/\\\/grind-tech.ch\\\/gt\\\/ueber-uns\\\/#breadcrumb\",\"itemListElement\":[{\"@type\":\"ListItem\",\"position\":1,\"name\":\"Startseite\",\"item\":\"https:\\\/\\\/grind-tech.ch\\\/gt\\\/\"},{\"@type\":\"ListItem\",\"position\":2,\"name\":\"\u00dcber uns\"}]},{\"@type\":\"WebSite\",\"@id\":\"https:\\\/\\\/grind-tech.ch\\\/gt\\\/#website\",\"url\":\"https:\\\/\\\/grind-tech.ch\\\/gt\\\/\",\"name\":\"Grinding Technologies GmbH\",\"description\":\"SMART GRINDING SOLUTION\",\"publisher\":{\"@id\":\"https:\\\/\\\/grind-tech.ch\\\/gt\\\/#organization\"},\"potentialAction\":[{\"@type\":\"SearchAction\",\"target\":{\"@type\":\"EntryPoint\",\"urlTemplate\":\"https:\\\/\\\/grind-tech.ch\\\/gt\\\/?s={search_term_string}\"},\"query-input\":{\"@type\":\"PropertyValueSpecification\",\"valueRequired\":true,\"valueName\":\"search_term_string\"}}],\"inLanguage\":\"de\"},{\"@type\":\"Organization\",\"@id\":\"https:\\\/\\\/grind-tech.ch\\\/gt\\\/#organization\",\"name\":\"Grinding Technologies GmbH\",\"url\":\"https:\\\/\\\/grind-tech.ch\\\/gt\\\/\",\"logo\":{\"@type\":\"ImageObject\",\"inLanguage\":\"de\",\"@id\":\"https:\\\/\\\/grind-tech.ch\\\/gt\\\/#\\\/schema\\\/logo\\\/image\\\/\",\"url\":\"https:\\\/\\\/grind-tech.ch\\\/gt\\\/wp-content\\\/uploads\\\/2023\\\/06\\\/grind-tech.logo_.jpeg\",\"contentUrl\":\"https:\\\/\\\/grind-tech.ch\\\/gt\\\/wp-content\\\/uploads\\\/2023\\\/06\\\/grind-tech.logo_.jpeg\",\"width\":1600,\"height\":166,\"caption\":\"Grinding Technologies GmbH\"},\"image\":{\"@id\":\"https:\\\/\\\/grind-tech.ch\\\/gt\\\/#\\\/schema\\\/logo\\\/image\\\/\"}}]}<\/script>\n<!-- \/ Yoast SEO plugin. -->","yoast_head_json":{"title":"\u00dcber uns - Grinding Technologies GmbH","robots":{"index":"index","follow":"follow","max-snippet":"max-snippet:-1","max-image-preview":"max-image-preview:large","max-video-preview":"max-video-preview:-1"},"canonical":"https:\/\/grind-tech.ch\/gt\/ueber-uns\/","og_locale":"de_DE","og_type":"article","og_title":"\u00dcber uns - Grinding Technologies GmbH","og_description":"[vc_row type=&#8220;full-width-section&#8220; css=&#8220;.vc_custom_1548746510634{margin-bottom: 0px !important;padding-top: 50px !important;padding-bottom: 40px !important;background-color: #f6f7f8 !important;}&#8220;][vc_column][vc_custom_heading text=&#8220;\u00dcber uns&#8220; font_container=&#8220;tag:h2|text_align:center&#8220; google_fonts=&#8220;font_family:Poppins%3Aregular|font_style:400%20regular%3A400%3Anormal&#8220;][vc_column_text]GRINDING TECH. wurde im Jahre 2007 aufgrund der Erfahrungen und Kenntnisse auf dem Gebiet des Schleifens in der Schweiz gegr\u00fcndet. GRINDING TECH. vertritt heute Schneidwerkzeugmaschinenhersteller wie ROLLOMATIC\/STRAUSAK, im Gebiet des Aussen\/Innen und Vertikal Schleifens DANOBAT\/OVERBECK, f\u00fcr das Durchgangschleifen LINEAR ABRASIVE, imRead more","og_url":"https:\/\/grind-tech.ch\/gt\/ueber-uns\/","og_site_name":"Grinding Technologies GmbH","article_modified_time":"2023-07-13T14:43:09+00:00","twitter_card":"summary_large_image","twitter_misc":{"Gesch\u00e4tzte Lesezeit":"1\u00a0Minute"},"schema":{"@context":"https:\/\/schema.org","@graph":[{"@type":"WebPage","@id":"https:\/\/grind-tech.ch\/gt\/ueber-uns\/","url":"https:\/\/grind-tech.ch\/gt\/ueber-uns\/","name":"\u00dcber uns - Grinding Technologies GmbH","isPartOf":{"@id":"https:\/\/grind-tech.ch\/gt\/#website"},"datePublished":"2015-08-09T07:12:01+00:00","dateModified":"2023-07-13T14:43:09+00:00","breadcrumb":{"@id":"https:\/\/grind-tech.ch\/gt\/ueber-uns\/#breadcrumb"},"inLanguage":"de","potentialAction":[{"@type":"ReadAction","target":["https:\/\/grind-tech.ch\/gt\/ueber-uns\/"]}]},{"@type":"BreadcrumbList","@id":"https:\/\/grind-tech.ch\/gt\/ueber-uns\/#breadcrumb","itemListElement":[{"@type":"ListItem","position":1,"name":"Startseite","item":"https:\/\/grind-tech.ch\/gt\/"},{"@type":"ListItem","position":2,"name":"\u00dcber uns"}]},{"@type":"WebSite","@id":"https:\/\/grind-tech.ch\/gt\/#website","url":"https:\/\/grind-tech.ch\/gt\/","name":"Grinding Technologies GmbH","description":"SMART GRINDING SOLUTION","publisher":{"@id":"https:\/\/grind-tech.ch\/gt\/#organization"},"potentialAction":[{"@type":"SearchAction","target":{"@type":"EntryPoint","urlTemplate":"https:\/\/grind-tech.ch\/gt\/?s={search_term_string}"},"query-input":{"@type":"PropertyValueSpecification","valueRequired":true,"valueName":"search_term_string"}}],"inLanguage":"de"},{"@type":"Organization","@id":"https:\/\/grind-tech.ch\/gt\/#organization","name":"Grinding Technologies GmbH","url":"https:\/\/grind-tech.ch\/gt\/","logo":{"@type":"ImageObject","inLanguage":"de","@id":"https:\/\/grind-tech.ch\/gt\/#\/schema\/logo\/image\/","url":"https:\/\/grind-tech.ch\/gt\/wp-content\/uploads\/2023\/06\/grind-tech.logo_.jpeg","contentUrl":"https:\/\/grind-tech.ch\/gt\/wp-content\/uploads\/2023\/06\/grind-tech.logo_.jpeg","width":1600,"height":166,"caption":"Grinding Technologies GmbH"},"image":{"@id":"https:\/\/grind-tech.ch\/gt\/#\/schema\/logo\/image\/"}}]}},"_links":{"self":[{"href":"https:\/\/grind-tech.ch\/gt\/wp-json\/wp\/v2\/pages\/8560","targetHints":{"allow":["GET"]}}],"collection":[{"href":"https:\/\/grind-tech.ch\/gt\/wp-json\/wp\/v2\/pages"}],"about":[{"href":"https:\/\/grind-tech.ch\/gt\/wp-json\/wp\/v2\/types\/page"}],"author":[{"embeddable":true,"href":"https:\/\/grind-tech.ch\/gt\/wp-json\/wp\/v2\/users\/1"}],"replies":[{"embeddable":true,"href":"https:\/\/grind-tech.ch\/gt\/wp-json\/wp\/v2\/comments?post=8560"}],"version-history":[{"count":5,"href":"https:\/\/grind-tech.ch\/gt\/wp-json\/wp\/v2\/pages\/8560\/revisions"}],"predecessor-version":[{"id":9950,"href":"https:\/\/grind-tech.ch\/gt\/wp-json\/wp\/v2\/pages\/8560\/revisions\/9950"}],"wp:attachment":[{"href":"https:\/\/grind-tech.ch\/gt\/wp-json\/wp\/v2\/media?parent=8560"}],"curies":[{"name":"wp","href":"https:\/\/api.w.org\/{rel}","templated":true}]}}