{"id":8564,"date":"2015-08-10T12:55:36","date_gmt":"2015-08-10T12:55:36","guid":{"rendered":"https:\/\/grind-tech.ch\/gt\/markalar\/"},"modified":"2026-03-15T22:20:47","modified_gmt":"2026-03-15T22:20:47","slug":"marken","status":"publish","type":"page","link":"https:\/\/grind-tech.ch\/gt\/marken\/","title":{"rendered":"Marken"},"content":{"rendered":"<p>[vc_row css=&#8220;.vc_custom_1550154060036{padding-top: 20px !important;}&#8220;][vc_column width=&#8220;1\/2&#8243;][vc_single_image image=&#8220;8632&#8243; img_size=&#8220;full&#8220; alignment=&#8220;center&#8220;][vc_column_text]<\/p>\n<p style=\"text-align: justify;\">Rollomatic ist weltweit t\u00e4tig und eine der Besten Schleifmaschinenhersteller in der Welt. Grundlage unseres Erfolgs sind die erfahrenen und engagierten Mitarbeiter, die zu den Ideen und der Arbeit von Rollomatic wesentlich beitragen. Das Ergebnis: Pr\u00e4zisionsschleifmaschinen, von einem Team aus Indivitualisten mit Begeisterung gebaut, geeignet f\u00fcr beispiellose Pr\u00e4zision und von unseren Kunden f\u00fcr deren Leistung und Verf\u00fcgbarkeit sehr gesch\u00e4tzt.<\/p>\n<p>[\/vc_column_text][\/vc_column][vc_column width=&#8220;1\/2&#8243;][vc_single_image image=&#8220;7300&#8243; alignment=&#8220;center&#8220;][vc_column_text]Die 1923 als Reparaturwerkstatt f\u00fcr die ans\u00e4ssige Uhrenindustrie gegr\u00fcndete Firma STRAUSAK ist ein typisch schweizerisches Unternehmen, spezialisiert auf die Entwicklung und den Bau von Werkzeugmaschinen f\u00fcr hohe Anspr\u00fcche technischer und qualitativer Art.<br \/>\n1927 wurden die ersten Produktionsmaschinen an die Schweizer Uhrenindustrie geliefert und 1932 gelangten diese Maschinentypen erstmals in den Export.<\/p>\n<p>Die STRAUSAK AG geh\u00f6rt heute zur ROLLOMATIC HOLDING SA und bringt 2012 die U-GRIND, ein neues Werkzeugschleifzentrum mit einer CNC-Steuerung der neusten Generation von NUM, auf den Markt.[\/vc_column_text][\/vc_column][\/vc_row][vc_row][vc_column width=&#8220;1\/2&#8243;][vc_single_image image=&#8220;8889&#8243; img_size=&#8220;full&#8220; alignment=&#8220;center&#8220;][vc_column_text]<\/p>\n<p style=\"text-align: justify;\">Der Familienbetrieb Tschudin wurde 1947 gegr\u00fcndet und ist auf die Entwicklung und Herstellung von hochpr\u00e4zisen spitzenlosen Rundschleifmaschinen spezialisiert. Die Firma Tschudin hat Ihren Sitz in Grenchen, das am Gebirge des Jura S\u00fcdfusses liegt. Die Stadt ist weltweit ber\u00fchmt durch das Know-how im Hochpr\u00e4zisionsbereich und durch ihre florierende Uhrenindustrie.<br \/>\nDie Firma Tschudin anderseits spezialisierte sich auf die Neuentwicklung einer Centerless-Reihe.<\/p>\n<p>[\/vc_column_text][\/vc_column][vc_column width=&#8220;1\/2&#8243;][vc_single_image image=&#8220;7301&#8243; alignment=&#8220;center&#8220;][vc_column_text]DANOBAT ist ein weltweit f\u00fchrender Anbieter von fortschrittlichen, pr\u00e4zisen und wertsch\u00f6pfenden Fertigungsl\u00f6sungen sowie kundenspezifischen L\u00f6sungen.<\/p>\n<p>Die DANOBAT-Gruppe umfasst drei Marken:<\/p>\n<ul>\n<li>DANOBAT: Mit \u00fcber 70 Jahren Erfahrung ist DANOBAT spezialisiert auf die Herstellung von hochpr\u00e4zisen Schleifmaschinen, sowohl horizontalen als auch vertikalen.<\/li>\n<li>OVERBECK: Mit einem Jahrhundert bew\u00e4hrter Exzellenz ist OVERBECK ein renommierter deutscher Hersteller von hochpr\u00e4zisen Innenschleifmaschinen.<\/li>\n<li>HEMBRUG: Marktf\u00fchrer im Bereich ultrapr\u00e4ziser Hartdreh- und Hybrid-Dreh-\/Schleifmaschinen.<\/li>\n<\/ul>\n<p>[\/vc_column_text][\/vc_column][\/vc_row][vc_row][vc_column width=&#8220;1\/2&#8243;][vc_single_image image=&#8220;8932&#8243; img_size=&#8220;full&#8220; alignment=&#8220;center&#8220;][vc_column_text]<\/p>\n<p style=\"text-align: justify;\">Anfang der 1980er-Jahre ist die Industrie f\u00fcr die Herstellung von Ferriten, die in Hochfrequenztransformatoren f\u00fcr die Telekommunikationsbranche verwendet werden, auf der Suche nach einer Hochleistungsschleifmaschine, um die Qualit\u00e4t der bearbeiteten Fl\u00e4chen zu verbessern und die Produktivit\u00e4t zu erh\u00f6hen. Diese Transformatoren bed\u00fcrfen zus\u00e4tzlich eines \u00e4usserst pr\u00e4zise vermessenen Luftspalts. Zur L\u00f6sung dieses Problems wird ein Ingenieur hinzugezogen, der f\u00fcr sein Know-how beim Bau von Hochleistungsschleifmaschinen bekannt ist: Alfred Schlaefli.<\/p>\n<p>[\/vc_column_text][\/vc_column][vc_column width=&#8220;1\/2&#8243;][vc_single_image image=&#8220;8896&#8243; img_size=&#8220;full&#8220; alignment=&#8220;center&#8220;][vc_column_text]<\/p>\n<p style=\"font-weight: 500;\">Die Agathon AG, mit Hauptsitz in Bellach, in der Schweiz, wurde 1918 gegr\u00fcndet und gilt weltweit als f\u00fchrender Hersteller von hightech\u00a0<b><strong>Wendeschneidplatten-Schleifzentren<\/strong><\/b>\u00a0f\u00fcr das Pr\u00e4zisionsschleifen und von\u00a0<b><strong>Normalien und F\u00fchrungselementen<\/strong><\/b>, f\u00fcr den Maschinen-, Werkzeug-, und Formenbau.<\/p>\n<p style=\"font-weight: 500;\">Ein exzellenter Customer Service und das grosse Vertreternetz garantieren Agathon-Kunden weltweit\u00a0technische Unterst\u00fctzung, Trainings und Beratung f\u00fcr gesamtheitliche Gesch\u00e4ftsl\u00f6sungen.<\/p>\n<p>[\/vc_column_text][\/vc_column][\/vc_row][vc_row][vc_column width=&#8220;1\/2&#8243;][vc_single_image image=&#8220;8901&#8243; img_size=&#8220;full&#8220; alignment=&#8220;center&#8220;][vc_column_text]Zur Herstellung von Maschinen f\u00fcr die Ventilsitzreparatur wurde 1911 das Unternehmen KLEIN in Stuttgart gegr\u00fcndet. 1950 kamen die heutigen Zentrumschleif- und Zentruml\u00e4ppmaschinen hinzu. Die un\u00fcbertroffene zu erreichende Rundheit im Zentrum l\u00e4sst die Zentrumschleifmaschine von KLEIN einzigartig auf dem weltweiten Markt auftreten. KLEIN ist seit 2007 ein Schwesterunternehmen von HENNINGER und so wird sich auf dem Markt kundenorientiert erg\u00e4nzt.[\/vc_column_text][\/vc_column][vc_column width=&#8220;1\/2&#8243;][vc_single_image image=&#8220;9002&#8243; img_size=&#8220;full&#8220; alignment=&#8220;center&#8220;][vc_column_text]HENNINGER wurde 1956 von Arthur Henninger gegr\u00fcndet und<\/p>\n<p>besch\u00e4ftigt sich seit dem mit der Pr\u00e4zisionstechnik in verschiedenen Bereichen. Dazu geh\u00f6ren auch die Zentrumschleifmaschinen, welche im Standard oder nach Kundenwunsch gebaut werden.<\/p>\n<p>Die \u00fcber 60-j\u00e4hrige Tradition beim Familienunternehmen HENNINGER<\/p>\n<p>stellt die Kontinuit\u00e4t sowie die gelebt Pr\u00e4zision in den Vordergrund.<\/p>\n<p>Mit KLEIN als Schwesterunternehmen ist HENNINGER international pr\u00e4sent.[\/vc_column_text][\/vc_column][\/vc_row][vc_row][vc_column width=&#8220;1\/2&#8243;][vc_single_image image=&#8220;8936&#8243; img_size=&#8220;full&#8220; alignment=&#8220;center&#8220;][vc_column_text]<\/p>\n<p style=\"text-align: justify;\">Die Ren\u00e9 Gerber AG ist ein Familienunternehmen aus Lyss im Berner Seeland, gegr\u00fcndet von Ren\u00e9 Gerber. Seit 1955 stellt die Ren\u00e9 Gerber AG Planpolier- und Kantenverrundungsmaschinen f\u00fcr ultraharte Materialien her.1990 hat Stefan Gerber mit Begeisterung die Gesch\u00e4ftsf\u00fchrung \u00fcbernommen und sie seit daher mit Engagement und Leidenschaft gef\u00fchrt. Mit \u00fcberlegtem und gezieltem Handeln f\u00fcr langfristige Erfolge hat er die Geschicke der Unternehmung \u00fcber viele Jahre hinweg gef\u00fchrt. Sein Ziel, ein nachhaltiges Wachstum durch neue und kreative Ideen zu generieren, hat er nie aus den Augen verloren.<\/p>\n<p>[\/vc_column_text][\/vc_column][vc_column width=&#8220;1\/2&#8243;][vc_single_image image=&#8220;8920&#8243; img_size=&#8220;full&#8220; alignment=&#8220;center&#8220;][vc_column_text]<\/p>\n<p style=\"text-align: justify;\">SECKLER ist ein weltweit operierender Schweizer Hersteller von individuell angefertigten Automationsanlagen im Bereich der Handhabungstechnologie. Aufgabenschwerpunkt ist die Entwicklung und Produktion vollautomatisierter Fertigungsmaschinen zur Massenherstellung von hoch pr\u00e4zisen Teilen, insbesondere in schmutziger und nasser Umgebung. Das durch die Anlagen von SECKLER abgedeckte Teilespektrum bewegt sich in einem Radius von einem Gramm bis zu mehreren Kilos oder im Bereich eines Millimeters bis zu 50 cm. Die 30- j\u00e4hrige Firmengeschichte spricht von einer langj\u00e4hrigen Erfahrung und grossem Know- how im Sondermaschinenbau. So ist SECKLER im Besitz standardisierter, patentierter und einzigartiger Systeml\u00f6sungen. Diese modularen und hochflexibel konzipierten Maschinen bestechen durch ihre Langlebigkeit, geringen Serviceaufwand und hohe Wiederverwendbarkeit.<\/p>\n<p>[\/vc_column_text][\/vc_column][\/vc_row]<\/p>\n","protected":false},"excerpt":{"rendered":"<p>[vc_row css=&#8220;.vc_custom_1550154060036{padding-top: 20px !important;}&#8220;][vc_column width=&#8220;1\/2&#8243;][vc_single_image image=&#8220;8632&#8243; img_size=&#8220;full&#8220; alignment=&#8220;center&#8220;][vc_column_text] Rollomatic ist weltweit t\u00e4tig und eine der Besten Schleifmaschinenhersteller in der Welt. Grundlage unseres Erfolgs sind die erfahrenen und engagierten Mitarbeiter, die zu den Ideen und der Arbeit von Rollomatic wesentlich beitragen. Das Ergebnis: Pr\u00e4zisionsschleifmaschinen, von einem Team aus Indivitualisten mit Begeisterung gebaut, geeignet f\u00fcr beispiellose Pr\u00e4zision<br \/><a href=\"https:\/\/grind-tech.ch\/gt\/marken\/\" class=\"more\">Read more<\/a><\/p>\n","protected":false},"author":1,"featured_media":0,"parent":0,"menu_order":0,"comment_status":"closed","ping_status":"open","template":"","meta":{"footnotes":""},"class_list":["post-8564","page","type-page","status-publish","hentry"],"yoast_head":"<!-- This site is optimized with the Yoast SEO plugin v27.3 - https:\/\/yoast.com\/product\/yoast-seo-wordpress\/ -->\n<title>Marken - Grinding Technologies GmbH<\/title>\n<meta name=\"robots\" content=\"index, follow, max-snippet:-1, max-image-preview:large, max-video-preview:-1\" \/>\n<link rel=\"canonical\" href=\"https:\/\/grind-tech.ch\/gt\/marken\/\" \/>\n<meta property=\"og:locale\" content=\"de_DE\" \/>\n<meta property=\"og:type\" content=\"article\" \/>\n<meta property=\"og:title\" content=\"Marken - Grinding Technologies GmbH\" \/>\n<meta property=\"og:description\" content=\"[vc_row css=&#8220;.vc_custom_1550154060036{padding-top: 20px !important;}&#8220;][vc_column width=&#8220;1\/2&#8243;][vc_single_image image=&#8220;8632&#8243; img_size=&#8220;full&#8220; alignment=&#8220;center&#8220;][vc_column_text] Rollomatic ist weltweit t\u00e4tig und eine der Besten Schleifmaschinenhersteller in der Welt. Grundlage unseres Erfolgs sind die erfahrenen und engagierten Mitarbeiter, die zu den Ideen und der Arbeit von Rollomatic wesentlich beitragen. Das Ergebnis: Pr\u00e4zisionsschleifmaschinen, von einem Team aus Indivitualisten mit Begeisterung gebaut, geeignet f\u00fcr beispiellose Pr\u00e4zisionRead more\" \/>\n<meta property=\"og:url\" content=\"https:\/\/grind-tech.ch\/gt\/marken\/\" \/>\n<meta property=\"og:site_name\" content=\"Grinding Technologies GmbH\" \/>\n<meta property=\"article:modified_time\" content=\"2026-03-15T22:20:47+00:00\" \/>\n<meta name=\"twitter:card\" content=\"summary_large_image\" \/>\n<meta name=\"twitter:label1\" content=\"Gesch\u00e4tzte Lesezeit\" \/>\n\t<meta name=\"twitter:data1\" content=\"5\u00a0Minuten\" \/>\n<script type=\"application\/ld+json\" class=\"yoast-schema-graph\">{\"@context\":\"https:\\\/\\\/schema.org\",\"@graph\":[{\"@type\":\"WebPage\",\"@id\":\"https:\\\/\\\/grind-tech.ch\\\/gt\\\/marken\\\/\",\"url\":\"https:\\\/\\\/grind-tech.ch\\\/gt\\\/marken\\\/\",\"name\":\"Marken - Grinding Technologies GmbH\",\"isPartOf\":{\"@id\":\"https:\\\/\\\/grind-tech.ch\\\/gt\\\/#website\"},\"datePublished\":\"2015-08-10T12:55:36+00:00\",\"dateModified\":\"2026-03-15T22:20:47+00:00\",\"breadcrumb\":{\"@id\":\"https:\\\/\\\/grind-tech.ch\\\/gt\\\/marken\\\/#breadcrumb\"},\"inLanguage\":\"de\",\"potentialAction\":[{\"@type\":\"ReadAction\",\"target\":[\"https:\\\/\\\/grind-tech.ch\\\/gt\\\/marken\\\/\"]}]},{\"@type\":\"BreadcrumbList\",\"@id\":\"https:\\\/\\\/grind-tech.ch\\\/gt\\\/marken\\\/#breadcrumb\",\"itemListElement\":[{\"@type\":\"ListItem\",\"position\":1,\"name\":\"Startseite\",\"item\":\"https:\\\/\\\/grind-tech.ch\\\/gt\\\/\"},{\"@type\":\"ListItem\",\"position\":2,\"name\":\"Marken\"}]},{\"@type\":\"WebSite\",\"@id\":\"https:\\\/\\\/grind-tech.ch\\\/gt\\\/#website\",\"url\":\"https:\\\/\\\/grind-tech.ch\\\/gt\\\/\",\"name\":\"Grinding Technologies GmbH\",\"description\":\"SMART GRINDING SOLUTION\",\"publisher\":{\"@id\":\"https:\\\/\\\/grind-tech.ch\\\/gt\\\/#organization\"},\"potentialAction\":[{\"@type\":\"SearchAction\",\"target\":{\"@type\":\"EntryPoint\",\"urlTemplate\":\"https:\\\/\\\/grind-tech.ch\\\/gt\\\/?s={search_term_string}\"},\"query-input\":{\"@type\":\"PropertyValueSpecification\",\"valueRequired\":true,\"valueName\":\"search_term_string\"}}],\"inLanguage\":\"de\"},{\"@type\":\"Organization\",\"@id\":\"https:\\\/\\\/grind-tech.ch\\\/gt\\\/#organization\",\"name\":\"Grinding Technologies GmbH\",\"url\":\"https:\\\/\\\/grind-tech.ch\\\/gt\\\/\",\"logo\":{\"@type\":\"ImageObject\",\"inLanguage\":\"de\",\"@id\":\"https:\\\/\\\/grind-tech.ch\\\/gt\\\/#\\\/schema\\\/logo\\\/image\\\/\",\"url\":\"https:\\\/\\\/grind-tech.ch\\\/gt\\\/wp-content\\\/uploads\\\/2023\\\/06\\\/grind-tech.logo_.jpeg\",\"contentUrl\":\"https:\\\/\\\/grind-tech.ch\\\/gt\\\/wp-content\\\/uploads\\\/2023\\\/06\\\/grind-tech.logo_.jpeg\",\"width\":1600,\"height\":166,\"caption\":\"Grinding Technologies GmbH\"},\"image\":{\"@id\":\"https:\\\/\\\/grind-tech.ch\\\/gt\\\/#\\\/schema\\\/logo\\\/image\\\/\"}}]}<\/script>\n<!-- \/ Yoast SEO plugin. -->","yoast_head_json":{"title":"Marken - Grinding Technologies GmbH","robots":{"index":"index","follow":"follow","max-snippet":"max-snippet:-1","max-image-preview":"max-image-preview:large","max-video-preview":"max-video-preview:-1"},"canonical":"https:\/\/grind-tech.ch\/gt\/marken\/","og_locale":"de_DE","og_type":"article","og_title":"Marken - Grinding Technologies GmbH","og_description":"[vc_row css=&#8220;.vc_custom_1550154060036{padding-top: 20px !important;}&#8220;][vc_column width=&#8220;1\/2&#8243;][vc_single_image image=&#8220;8632&#8243; img_size=&#8220;full&#8220; alignment=&#8220;center&#8220;][vc_column_text] Rollomatic ist weltweit t\u00e4tig und eine der Besten Schleifmaschinenhersteller in der Welt. Grundlage unseres Erfolgs sind die erfahrenen und engagierten Mitarbeiter, die zu den Ideen und der Arbeit von Rollomatic wesentlich beitragen. Das Ergebnis: Pr\u00e4zisionsschleifmaschinen, von einem Team aus Indivitualisten mit Begeisterung gebaut, geeignet f\u00fcr beispiellose Pr\u00e4zisionRead more","og_url":"https:\/\/grind-tech.ch\/gt\/marken\/","og_site_name":"Grinding Technologies GmbH","article_modified_time":"2026-03-15T22:20:47+00:00","twitter_card":"summary_large_image","twitter_misc":{"Gesch\u00e4tzte Lesezeit":"5\u00a0Minuten"},"schema":{"@context":"https:\/\/schema.org","@graph":[{"@type":"WebPage","@id":"https:\/\/grind-tech.ch\/gt\/marken\/","url":"https:\/\/grind-tech.ch\/gt\/marken\/","name":"Marken - Grinding Technologies GmbH","isPartOf":{"@id":"https:\/\/grind-tech.ch\/gt\/#website"},"datePublished":"2015-08-10T12:55:36+00:00","dateModified":"2026-03-15T22:20:47+00:00","breadcrumb":{"@id":"https:\/\/grind-tech.ch\/gt\/marken\/#breadcrumb"},"inLanguage":"de","potentialAction":[{"@type":"ReadAction","target":["https:\/\/grind-tech.ch\/gt\/marken\/"]}]},{"@type":"BreadcrumbList","@id":"https:\/\/grind-tech.ch\/gt\/marken\/#breadcrumb","itemListElement":[{"@type":"ListItem","position":1,"name":"Startseite","item":"https:\/\/grind-tech.ch\/gt\/"},{"@type":"ListItem","position":2,"name":"Marken"}]},{"@type":"WebSite","@id":"https:\/\/grind-tech.ch\/gt\/#website","url":"https:\/\/grind-tech.ch\/gt\/","name":"Grinding Technologies GmbH","description":"SMART GRINDING SOLUTION","publisher":{"@id":"https:\/\/grind-tech.ch\/gt\/#organization"},"potentialAction":[{"@type":"SearchAction","target":{"@type":"EntryPoint","urlTemplate":"https:\/\/grind-tech.ch\/gt\/?s={search_term_string}"},"query-input":{"@type":"PropertyValueSpecification","valueRequired":true,"valueName":"search_term_string"}}],"inLanguage":"de"},{"@type":"Organization","@id":"https:\/\/grind-tech.ch\/gt\/#organization","name":"Grinding Technologies GmbH","url":"https:\/\/grind-tech.ch\/gt\/","logo":{"@type":"ImageObject","inLanguage":"de","@id":"https:\/\/grind-tech.ch\/gt\/#\/schema\/logo\/image\/","url":"https:\/\/grind-tech.ch\/gt\/wp-content\/uploads\/2023\/06\/grind-tech.logo_.jpeg","contentUrl":"https:\/\/grind-tech.ch\/gt\/wp-content\/uploads\/2023\/06\/grind-tech.logo_.jpeg","width":1600,"height":166,"caption":"Grinding Technologies GmbH"},"image":{"@id":"https:\/\/grind-tech.ch\/gt\/#\/schema\/logo\/image\/"}}]}},"_links":{"self":[{"href":"https:\/\/grind-tech.ch\/gt\/wp-json\/wp\/v2\/pages\/8564","targetHints":{"allow":["GET"]}}],"collection":[{"href":"https:\/\/grind-tech.ch\/gt\/wp-json\/wp\/v2\/pages"}],"about":[{"href":"https:\/\/grind-tech.ch\/gt\/wp-json\/wp\/v2\/types\/page"}],"author":[{"embeddable":true,"href":"https:\/\/grind-tech.ch\/gt\/wp-json\/wp\/v2\/users\/1"}],"replies":[{"embeddable":true,"href":"https:\/\/grind-tech.ch\/gt\/wp-json\/wp\/v2\/comments?post=8564"}],"version-history":[{"count":10,"href":"https:\/\/grind-tech.ch\/gt\/wp-json\/wp\/v2\/pages\/8564\/revisions"}],"predecessor-version":[{"id":10022,"href":"https:\/\/grind-tech.ch\/gt\/wp-json\/wp\/v2\/pages\/8564\/revisions\/10022"}],"wp:attachment":[{"href":"https:\/\/grind-tech.ch\/gt\/wp-json\/wp\/v2\/media?parent=8564"}],"curies":[{"name":"wp","href":"https:\/\/api.w.org\/{rel}","templated":true}]}}