{"id":8590,"date":"2014-12-20T14:36:36","date_gmt":"2014-12-20T06:36:36","guid":{"rendered":"https:\/\/grind-tech.ch\/gt\/business-02\/"},"modified":"2023-07-13T14:42:32","modified_gmt":"2023-07-13T14:42:32","slug":"business-02","status":"publish","type":"page","link":"https:\/\/grind-tech.ch\/gt\/","title":{"rendered":"Home"},"content":{"rendered":"<p>[vc_row][vc_column][vc_custom_heading text=&#8220;Warum, Grindtec?&#8220; font_container=&#8220;tag:h2|font_size:54px|text_align:center&#8220; google_fonts=&#8220;font_family:Ubuntu%3A300%2C300italic%2Cregular%2Citalic%2C500%2C500italic%2C700%2C700italic|font_style:400%20regular%3A400%3Anormal&#8220;][vc_empty_space][vc_row_inner][vc_column_inner width=&#8220;1\/3&#8243;]<style type=\"text\/css\" >#rand_lswmz793hvdbifpsffy2 {margin-top:50px; margin-bottom:0px; }<\/style><style type=\"text\/css\" >#rand_lswmz793hvdbifpsffy2:hover .icon_circle i{color:#125090 !important;}#rand_lswmz793hvdbifpsffy2:hover .icon_circle{background:#2d3e50 !important; border:4px solid #125090!important;}<\/style> <style type='text\/css'> @font-face{font-family: 'fa'; src:url('https:\/\/grind-tech.ch\/gt\/wp-content\/themes\/thefox\/includes\/4k-icons\/icons\/4k-icons-pack02\/icons\/fonts\/fa.eot'); src:url('https:\/\/grind-tech.ch\/gt\/wp-content\/themes\/thefox\/includes\/4k-icons\/icons\/4k-icons-pack02\/icons\/fonts\/fa.eot?#iefix') format('embedded-opentype'), url('https:\/\/grind-tech.ch\/gt\/wp-content\/themes\/thefox\/includes\/4k-icons\/icons\/4k-icons-pack02\/icons\/fonts\/fa.woff') format('woff'), url('https:\/\/grind-tech.ch\/gt\/wp-content\/themes\/thefox\/includes\/4k-icons\/icons\/4k-icons-pack02\/icons\/fonts\/fa.ttf') format('truetype'), url('https:\/\/grind-tech.ch\/gt\/wp-content\/themes\/thefox\/includes\/4k-icons\/icons\/4k-icons-pack02\/icons\/fonts\/fa.svg#oi') format('svg'); font-weight: normal; font-style: normal;}#rand_lswmz793hvdbifpsffy2 .fa-chain:before{font-family: 'fa'; font-weight: normal; font-style: normal;}#rand_lswmz793hvdbifpsffy2 .fa-chain:before{content: \"\\f0c1\";}<\/style>\n<style type=\"text\/css\" >#rand_lswmz793hvdbifpsffy2:hover {background:#ffffff !important; border:1px solid #ecf0f1 !important; color:!important;}#rand_lswmz793hvdbifpsffy2:hover .icon_circle{background:#195ca8 !important; border:4px solid #288bd0!important;}#rand_lswmz793hvdbifpsffy2:hover .icon_circle i{color:#288bd0 !important;}#rand_lswmz793hvdbifpsffy2:hover h3{color:#195ca8 !important;}#rand_lswmz793hvdbifpsffy2:hover h3{color:#195ca8 !important;}#rand_lswmz793hvdbifpsffy2:hover p{ color:;}<\/style> <div id=\"rand_lswmz793hvdbifpsffy2\" class=\"icon_box2_alt \" style=\"background:#ffffff; border:1px solid #f7f7f7; \"><div class=\"icon_circle\" style=\"background-color:#125090;\"><i class=\"fa-chain\" ><\/i><\/div><h3 style=\"color:#000000;\" >Qualit\u00e4t<\/h3><p style=\"color:#000000;\" >F\u00fcr die Zufriedenheit unserer gesch\u00e4tzten Kunden vertreiben stets nur erstklassische Schleifmaschinenhersteller auf h\u00f6chstem Niveau.<\/p><\/div>[\/vc_column_inner][vc_column_inner width=&#8220;1\/3&#8243;]<style type=\"text\/css\" >#rand_t0lg53f9mxphf70pqd9r {margin-top:50px; margin-bottom:0px; }<\/style><style type=\"text\/css\" >#rand_t0lg53f9mxphf70pqd9r:hover .icon_circle i{color:#125090 !important;}#rand_t0lg53f9mxphf70pqd9r:hover .icon_circle{background:#2d3e50 !important; border:4px solid #125090!important;}<\/style> <style type='text\/css'> @font-face{font-family: 'fa'; src:url('https:\/\/grind-tech.ch\/gt\/wp-content\/themes\/thefox\/includes\/4k-icons\/icons\/4k-icons-pack02\/icons\/fonts\/fa.eot'); src:url('https:\/\/grind-tech.ch\/gt\/wp-content\/themes\/thefox\/includes\/4k-icons\/icons\/4k-icons-pack02\/icons\/fonts\/fa.eot?#iefix') format('embedded-opentype'), url('https:\/\/grind-tech.ch\/gt\/wp-content\/themes\/thefox\/includes\/4k-icons\/icons\/4k-icons-pack02\/icons\/fonts\/fa.woff') format('woff'), url('https:\/\/grind-tech.ch\/gt\/wp-content\/themes\/thefox\/includes\/4k-icons\/icons\/4k-icons-pack02\/icons\/fonts\/fa.ttf') format('truetype'), url('https:\/\/grind-tech.ch\/gt\/wp-content\/themes\/thefox\/includes\/4k-icons\/icons\/4k-icons-pack02\/icons\/fonts\/fa.svg#oi') format('svg'); font-weight: normal; font-style: normal;}#rand_t0lg53f9mxphf70pqd9r .fa-rocket:before{font-family: 'fa'; font-weight: normal; font-style: normal;}#rand_t0lg53f9mxphf70pqd9r .fa-rocket:before{content: \"\\f135\";}<\/style>\n<style type=\"text\/css\" >#rand_t0lg53f9mxphf70pqd9r:hover {background:#ffffff !important; border:1px solid #ecf0f1 !important; color:!important;}#rand_t0lg53f9mxphf70pqd9r:hover .icon_circle{background:#195ca8 !important; border:4px solid #288bd0!important;}#rand_t0lg53f9mxphf70pqd9r:hover .icon_circle i{color:#288bd0 !important;}#rand_t0lg53f9mxphf70pqd9r:hover h3{color:#195ca8 !important;}#rand_t0lg53f9mxphf70pqd9r:hover h3{color:#195ca8 !important;}#rand_t0lg53f9mxphf70pqd9r:hover p{ color:;}<\/style> <div id=\"rand_t0lg53f9mxphf70pqd9r\" class=\"icon_box2_alt \" style=\"background:#ffffff; border:1px solid #f7f7f7; \"><div class=\"icon_circle\" style=\"background-color:#125090;\"><i class=\"fa-rocket\" ><\/i><\/div><h3 style=\"color:#000000;\" >Support<\/h3><p style=\"color:#000000;\" >Wir unterst\u00fctzen unsere Kunden auch nach der Inbetriebnahme und garantieren eine schnelle Reaktionszeit.<\/p><\/div>[\/vc_column_inner][vc_column_inner width=&#8220;1\/3&#8243;]<style type=\"text\/css\" >#rand_xs38rewoma068tktfh2c {margin-top:50px; margin-bottom:0px; }<\/style><style type=\"text\/css\" >#rand_xs38rewoma068tktfh2c:hover .icon_circle i{color:#125090 !important;}#rand_xs38rewoma068tktfh2c:hover .icon_circle{background:#2d3e50 !important; border:4px solid #125090!important;}<\/style> <style type='text\/css'> @font-face{font-family: 'fa'; src:url('https:\/\/grind-tech.ch\/gt\/wp-content\/themes\/thefox\/includes\/4k-icons\/icons\/4k-icons-pack02\/icons\/fonts\/fa.eot'); src:url('https:\/\/grind-tech.ch\/gt\/wp-content\/themes\/thefox\/includes\/4k-icons\/icons\/4k-icons-pack02\/icons\/fonts\/fa.eot?#iefix') format('embedded-opentype'), url('https:\/\/grind-tech.ch\/gt\/wp-content\/themes\/thefox\/includes\/4k-icons\/icons\/4k-icons-pack02\/icons\/fonts\/fa.woff') format('woff'), url('https:\/\/grind-tech.ch\/gt\/wp-content\/themes\/thefox\/includes\/4k-icons\/icons\/4k-icons-pack02\/icons\/fonts\/fa.ttf') format('truetype'), url('https:\/\/grind-tech.ch\/gt\/wp-content\/themes\/thefox\/includes\/4k-icons\/icons\/4k-icons-pack02\/icons\/fonts\/fa.svg#oi') format('svg'); font-weight: normal; font-style: normal;}#rand_xs38rewoma068tktfh2c .fa-tty:before{font-family: 'fa'; font-weight: normal; font-style: normal;}#rand_xs38rewoma068tktfh2c .fa-tty:before{content: \"\\f1e4\";}<\/style>\n<style type=\"text\/css\" >#rand_xs38rewoma068tktfh2c:hover {background:#ffffff !important; border:1px solid #ecf0f1 !important; color:!important;}#rand_xs38rewoma068tktfh2c:hover .icon_circle{background:#195ca8 !important; border:4px solid #288bd0!important;}#rand_xs38rewoma068tktfh2c:hover .icon_circle i{color:#288bd0 !important;}#rand_xs38rewoma068tktfh2c:hover h3{color:#195ca8 !important;}#rand_xs38rewoma068tktfh2c:hover h3{color:#195ca8 !important;}#rand_xs38rewoma068tktfh2c:hover p{ color:;}<\/style> <div id=\"rand_xs38rewoma068tktfh2c\" class=\"icon_box2_alt \" style=\"background:#ffffff; border:1px solid #f7f7f7; \"><div class=\"icon_circle\" style=\"background-color:#125090;\"><i class=\"fa-tty\" ><\/i><\/div><h3 style=\"color:#000000;\" >Erfahrung<\/h3><p style=\"color:#000000;\" >GRINDING TECH. unterst\u00fctzt seine Kunden in jeglichen Schleifapplikationen und bietet erstklassige Prozessanwendungen und -l\u00f6sungen.<\/p><\/div>[\/vc_column_inner][\/vc_row_inner][\/vc_column][\/vc_row][vc_row type=&#8220;full-width-section&#8220; disable_element=&#8220;yes&#8220; css=&#8220;.vc_custom_1557747248328{background: #c1c1c1 url(https:\/\/grind-tech.ch\/gt\/wp-content\/uploads\/2019\/01\/newmachine.jpg?id=8206) !important;}&#8220;][vc_column][vc_row_inner][vc_column_inner][vc_empty_space][vc_single_image image=&#8220;8211&#8243; img_size=&#8220;full&#8220; alignment=&#8220;center&#8220;][\/vc_column_inner][\/vc_row_inner][\/vc_column][\/vc_row][vc_row disable_element=&#8220;yes&#8220;][vc_column][vc_empty_space height=&#8220;62px&#8220;][vc_custom_heading text=&#8220;unsere Werte&#8220; font_container=&#8220;tag:h2|font_size:54px|text_align:center&#8220; google_fonts=&#8220;font_family:Ubuntu%3A300%2C300italic%2Cregular%2Citalic%2C500%2C500italic%2C700%2C700italic|font_style:400%20regular%3A400%3Anormal&#8220;][\/vc_column][\/vc_row][vc_row disable_element=&#8220;yes&#8220;][vc_column width=&#8220;1\/3&#8243;]<style type=\"text\/css\" >#rd_7vng1a56rpc6ezkqkriw {margin-top:0; margin-bottom:0;}#rd_7vng1a56rpc6ezkqkriw .rd_pc_status{color:#000000;}#rd_7vng1a56rpc6ezkqkriw .rd_pc_heading{color:#000000;}#rd_7vng1a56rpc6ezkqkriw .rd_pc_text{color:#757575;}<\/style><div class=\"rd_pie_02 rd_pie_chart \" id=\"rd_7vng1a56rpc6ezkqkriw\"><div class=\"rd_count_to rd_pc_status\"><span class=\"count_number\" data-from=\"0\" data-to=\"90\" data-speed=\"1000\" data-refresh-interval=\"25\">0<\/span><span>%<\/span><\/div><canvas class=\"rd_pc_02\" width=\"520\" height=\"400\" data-percentage-value=\"90\" data-percentage-color=\"#ecf0f1\" data-background-color=\"#ffffff\" data-track-color=\"\" data-bar-color=\"#e29a1d\" data-bar-alt-color=\"#0337af\" >Your browser does not support the HTML5 canvas tag.<\/canvas><h3 class=\"rd_pc_heading\">Fertigung<\/h3><\/div>[\/vc_column][vc_column width=&#8220;1\/3&#8243;]<style type=\"text\/css\" >#rd_pcejsw7v0ru2nre8evhw {margin-top:0; margin-bottom:0;}#rd_pcejsw7v0ru2nre8evhw .rd_pc_status{color:#000000;}#rd_pcejsw7v0ru2nre8evhw .rd_pc_heading{color:#000000;}#rd_pcejsw7v0ru2nre8evhw .rd_pc_text{color:#757575;}<\/style><div class=\"rd_pie_02 rd_pie_chart \" id=\"rd_pcejsw7v0ru2nre8evhw\"><div class=\"rd_count_to rd_pc_status\"><span class=\"count_number\" data-from=\"0\" data-to=\"99\" data-speed=\"1000\" data-refresh-interval=\"25\">0<\/span><span>%<\/span><\/div><canvas class=\"rd_pc_02\" width=\"520\" height=\"400\" data-percentage-value=\"99\" data-percentage-color=\"#ecf0f1\" data-background-color=\"#ffffff\" data-track-color=\"\" data-bar-color=\"#e29a1d\" data-bar-alt-color=\"#0337af\" >Your browser does not support the HTML5 canvas tag.<\/canvas><h3 class=\"rd_pc_heading\">Geschwindigkeit<\/h3><\/div>[\/vc_column][vc_column width=&#8220;1\/3&#8243;]<style type=\"text\/css\" >#rd_4wqetrjeaf9qlhd3yxqz {margin-top:0; margin-bottom:0;}#rd_4wqetrjeaf9qlhd3yxqz .rd_pc_status{color:#000000;}#rd_4wqetrjeaf9qlhd3yxqz .rd_pc_heading{color:#000000;}#rd_4wqetrjeaf9qlhd3yxqz .rd_pc_text{color:#757575;}<\/style><div class=\"rd_pie_02 rd_pie_chart \" id=\"rd_4wqetrjeaf9qlhd3yxqz\"><div class=\"rd_count_to rd_pc_status\"><span class=\"count_number\" data-from=\"0\" data-to=\"94\" data-speed=\"1000\" data-refresh-interval=\"25\">0<\/span><span>%<\/span><\/div><canvas class=\"rd_pc_02\" width=\"520\" height=\"400\" data-percentage-value=\"94\" data-percentage-color=\"#ecf0f1\" data-background-color=\"#ffffff\" data-track-color=\"\" data-bar-color=\"#e29a1d\" data-bar-alt-color=\"#0337af\" >Your browser does not support the HTML5 canvas tag.<\/canvas><h3 class=\"rd_pc_heading\">Kontinuit\u00e4t<\/h3><\/div>[\/vc_column][\/vc_row]<\/p>\n","protected":false},"excerpt":{"rendered":"<p>[vc_row][vc_column][vc_custom_heading text=&#8220;Warum, Grindtec?&#8220; font_container=&#8220;tag:h2|font_size:54px|text_align:center&#8220; google_fonts=&#8220;font_family:Ubuntu%3A300%2C300italic%2Cregular%2Citalic%2C500%2C500italic%2C700%2C700italic|font_style:400%20regular%3A400%3Anormal&#8220;][vc_empty_space][vc_row_inner][vc_column_inner width=&#8220;1\/3&#8243;] Qualit\u00e4tF\u00fcr die Zufriedenheit unserer gesch\u00e4tzten Kunden vertreiben stets nur erstklassische Schleifmaschinenhersteller auf h\u00f6chstem Niveau.[\/vc_column_inner][vc_column_inner width=&#8220;1\/3&#8243;] SupportWir unterst\u00fctzen unsere Kunden auch nach der Inbetriebnahme und garantieren eine schnelle Reaktionszeit.[\/vc_column_inner][vc_column_inner width=&#8220;1\/3&#8243;] ErfahrungGRINDING TECH. unterst\u00fctzt seine Kunden in jeglichen Schleifapplikationen und bietet erstklassige Prozessanwendungen und -l\u00f6sungen.[\/vc_column_inner][\/vc_row_inner][\/vc_column][\/vc_row][vc_row type=&#8220;full-width-section&#8220; disable_element=&#8220;yes&#8220; css=&#8220;.vc_custom_1557747248328{background: #c1c1c1 url(https:\/\/grind-tech.ch\/gt\/wp-content\/uploads\/2019\/01\/newmachine.jpg?id=8206) !important;}&#8220;][vc_column][vc_row_inner][vc_column_inner][vc_empty_space][vc_single_image<br \/><a href=\"https:\/\/grind-tech.ch\/gt\/\" class=\"more\">Read more<\/a><\/p>\n","protected":false},"author":1,"featured_media":0,"parent":0,"menu_order":0,"comment_status":"closed","ping_status":"closed","template":"","meta":{"footnotes":""},"class_list":["post-8590","page","type-page","status-publish","hentry"],"yoast_head":"<!-- This site is optimized with the Yoast SEO plugin v27.3 - https:\/\/yoast.com\/product\/yoast-seo-wordpress\/ -->\n<title>Home - Grinding Technologies GmbH<\/title>\n<meta name=\"robots\" content=\"index, follow, max-snippet:-1, max-image-preview:large, max-video-preview:-1\" \/>\n<link rel=\"canonical\" href=\"https:\/\/grind-tech.ch\/gt\/\" \/>\n<meta property=\"og:locale\" content=\"de_DE\" \/>\n<meta property=\"og:type\" content=\"article\" \/>\n<meta property=\"og:title\" content=\"Home - Grinding Technologies GmbH\" \/>\n<meta property=\"og:description\" content=\"[vc_row][vc_column][vc_custom_heading text=&#8220;Warum, Grindtec?&#8220; font_container=&#8220;tag:h2|font_size:54px|text_align:center&#8220; google_fonts=&#8220;font_family:Ubuntu%3A300%2C300italic%2Cregular%2Citalic%2C500%2C500italic%2C700%2C700italic|font_style:400%20regular%3A400%3Anormal&#8220;][vc_empty_space][vc_row_inner][vc_column_inner width=&#8220;1\/3&#8243;] Qualit\u00e4tF\u00fcr die Zufriedenheit unserer gesch\u00e4tzten Kunden vertreiben stets nur erstklassische Schleifmaschinenhersteller auf h\u00f6chstem Niveau.[\/vc_column_inner][vc_column_inner width=&#8220;1\/3&#8243;] SupportWir unterst\u00fctzen unsere Kunden auch nach der Inbetriebnahme und garantieren eine schnelle Reaktionszeit.[\/vc_column_inner][vc_column_inner width=&#8220;1\/3&#8243;] ErfahrungGRINDING TECH. unterst\u00fctzt seine Kunden in jeglichen Schleifapplikationen und bietet erstklassige Prozessanwendungen und -l\u00f6sungen.[\/vc_column_inner][\/vc_row_inner][\/vc_column][\/vc_row][vc_row type=&#8220;full-width-section&#8220; disable_element=&#8220;yes&#8220; css=&#8220;.vc_custom_1557747248328{background: #c1c1c1 url(https:\/\/grind-tech.ch\/gt\/wp-content\/uploads\/2019\/01\/newmachine.jpg?id=8206) !important;}&#8220;][vc_column][vc_row_inner][vc_column_inner][vc_empty_space][vc_single_imageRead more\" \/>\n<meta property=\"og:url\" content=\"https:\/\/grind-tech.ch\/gt\/\" \/>\n<meta property=\"og:site_name\" content=\"Grinding Technologies GmbH\" \/>\n<meta property=\"article:modified_time\" content=\"2023-07-13T14:42:32+00:00\" \/>\n<meta name=\"twitter:card\" content=\"summary_large_image\" \/>\n<meta name=\"twitter:label1\" content=\"Gesch\u00e4tzte Lesezeit\" \/>\n\t<meta name=\"twitter:data1\" content=\"2\u00a0Minuten\" \/>\n<script type=\"application\/ld+json\" class=\"yoast-schema-graph\">{\"@context\":\"https:\\\/\\\/schema.org\",\"@graph\":[{\"@type\":\"WebPage\",\"@id\":\"https:\\\/\\\/grind-tech.ch\\\/gt\\\/\",\"url\":\"https:\\\/\\\/grind-tech.ch\\\/gt\\\/\",\"name\":\"Home - Grinding Technologies GmbH\",\"isPartOf\":{\"@id\":\"https:\\\/\\\/grind-tech.ch\\\/gt\\\/#website\"},\"datePublished\":\"2014-12-20T06:36:36+00:00\",\"dateModified\":\"2023-07-13T14:42:32+00:00\",\"breadcrumb\":{\"@id\":\"https:\\\/\\\/grind-tech.ch\\\/gt\\\/#breadcrumb\"},\"inLanguage\":\"de\",\"potentialAction\":[{\"@type\":\"ReadAction\",\"target\":[\"https:\\\/\\\/grind-tech.ch\\\/gt\\\/\"]}]},{\"@type\":\"BreadcrumbList\",\"@id\":\"https:\\\/\\\/grind-tech.ch\\\/gt\\\/#breadcrumb\",\"itemListElement\":[{\"@type\":\"ListItem\",\"position\":1,\"name\":\"Startseite\",\"item\":\"https:\\\/\\\/grind-tech.ch\\\/gt\\\/\"},{\"@type\":\"ListItem\",\"position\":2,\"name\":\"Home\"}]},{\"@type\":\"WebSite\",\"@id\":\"https:\\\/\\\/grind-tech.ch\\\/gt\\\/#website\",\"url\":\"https:\\\/\\\/grind-tech.ch\\\/gt\\\/\",\"name\":\"Grinding Technologies GmbH\",\"description\":\"SMART GRINDING SOLUTION\",\"publisher\":{\"@id\":\"https:\\\/\\\/grind-tech.ch\\\/gt\\\/#organization\"},\"potentialAction\":[{\"@type\":\"SearchAction\",\"target\":{\"@type\":\"EntryPoint\",\"urlTemplate\":\"https:\\\/\\\/grind-tech.ch\\\/gt\\\/?s={search_term_string}\"},\"query-input\":{\"@type\":\"PropertyValueSpecification\",\"valueRequired\":true,\"valueName\":\"search_term_string\"}}],\"inLanguage\":\"de\"},{\"@type\":\"Organization\",\"@id\":\"https:\\\/\\\/grind-tech.ch\\\/gt\\\/#organization\",\"name\":\"Grinding Technologies GmbH\",\"url\":\"https:\\\/\\\/grind-tech.ch\\\/gt\\\/\",\"logo\":{\"@type\":\"ImageObject\",\"inLanguage\":\"de\",\"@id\":\"https:\\\/\\\/grind-tech.ch\\\/gt\\\/#\\\/schema\\\/logo\\\/image\\\/\",\"url\":\"https:\\\/\\\/grind-tech.ch\\\/gt\\\/wp-content\\\/uploads\\\/2023\\\/06\\\/grind-tech.logo_.jpeg\",\"contentUrl\":\"https:\\\/\\\/grind-tech.ch\\\/gt\\\/wp-content\\\/uploads\\\/2023\\\/06\\\/grind-tech.logo_.jpeg\",\"width\":1600,\"height\":166,\"caption\":\"Grinding Technologies GmbH\"},\"image\":{\"@id\":\"https:\\\/\\\/grind-tech.ch\\\/gt\\\/#\\\/schema\\\/logo\\\/image\\\/\"}}]}<\/script>\n<!-- \/ Yoast SEO plugin. -->","yoast_head_json":{"title":"Home - Grinding Technologies GmbH","robots":{"index":"index","follow":"follow","max-snippet":"max-snippet:-1","max-image-preview":"max-image-preview:large","max-video-preview":"max-video-preview:-1"},"canonical":"https:\/\/grind-tech.ch\/gt\/","og_locale":"de_DE","og_type":"article","og_title":"Home - Grinding Technologies GmbH","og_description":"[vc_row][vc_column][vc_custom_heading text=&#8220;Warum, Grindtec?&#8220; font_container=&#8220;tag:h2|font_size:54px|text_align:center&#8220; google_fonts=&#8220;font_family:Ubuntu%3A300%2C300italic%2Cregular%2Citalic%2C500%2C500italic%2C700%2C700italic|font_style:400%20regular%3A400%3Anormal&#8220;][vc_empty_space][vc_row_inner][vc_column_inner width=&#8220;1\/3&#8243;] Qualit\u00e4tF\u00fcr die Zufriedenheit unserer gesch\u00e4tzten Kunden vertreiben stets nur erstklassische Schleifmaschinenhersteller auf h\u00f6chstem Niveau.[\/vc_column_inner][vc_column_inner width=&#8220;1\/3&#8243;] SupportWir unterst\u00fctzen unsere Kunden auch nach der Inbetriebnahme und garantieren eine schnelle Reaktionszeit.[\/vc_column_inner][vc_column_inner width=&#8220;1\/3&#8243;] ErfahrungGRINDING TECH. unterst\u00fctzt seine Kunden in jeglichen Schleifapplikationen und bietet erstklassige Prozessanwendungen und -l\u00f6sungen.[\/vc_column_inner][\/vc_row_inner][\/vc_column][\/vc_row][vc_row type=&#8220;full-width-section&#8220; disable_element=&#8220;yes&#8220; css=&#8220;.vc_custom_1557747248328{background: #c1c1c1 url(https:\/\/grind-tech.ch\/gt\/wp-content\/uploads\/2019\/01\/newmachine.jpg?id=8206) !important;}&#8220;][vc_column][vc_row_inner][vc_column_inner][vc_empty_space][vc_single_imageRead more","og_url":"https:\/\/grind-tech.ch\/gt\/","og_site_name":"Grinding Technologies GmbH","article_modified_time":"2023-07-13T14:42:32+00:00","twitter_card":"summary_large_image","twitter_misc":{"Gesch\u00e4tzte Lesezeit":"2\u00a0Minuten"},"schema":{"@context":"https:\/\/schema.org","@graph":[{"@type":"WebPage","@id":"https:\/\/grind-tech.ch\/gt\/","url":"https:\/\/grind-tech.ch\/gt\/","name":"Home - Grinding Technologies GmbH","isPartOf":{"@id":"https:\/\/grind-tech.ch\/gt\/#website"},"datePublished":"2014-12-20T06:36:36+00:00","dateModified":"2023-07-13T14:42:32+00:00","breadcrumb":{"@id":"https:\/\/grind-tech.ch\/gt\/#breadcrumb"},"inLanguage":"de","potentialAction":[{"@type":"ReadAction","target":["https:\/\/grind-tech.ch\/gt\/"]}]},{"@type":"BreadcrumbList","@id":"https:\/\/grind-tech.ch\/gt\/#breadcrumb","itemListElement":[{"@type":"ListItem","position":1,"name":"Startseite","item":"https:\/\/grind-tech.ch\/gt\/"},{"@type":"ListItem","position":2,"name":"Home"}]},{"@type":"WebSite","@id":"https:\/\/grind-tech.ch\/gt\/#website","url":"https:\/\/grind-tech.ch\/gt\/","name":"Grinding Technologies GmbH","description":"SMART GRINDING SOLUTION","publisher":{"@id":"https:\/\/grind-tech.ch\/gt\/#organization"},"potentialAction":[{"@type":"SearchAction","target":{"@type":"EntryPoint","urlTemplate":"https:\/\/grind-tech.ch\/gt\/?s={search_term_string}"},"query-input":{"@type":"PropertyValueSpecification","valueRequired":true,"valueName":"search_term_string"}}],"inLanguage":"de"},{"@type":"Organization","@id":"https:\/\/grind-tech.ch\/gt\/#organization","name":"Grinding Technologies GmbH","url":"https:\/\/grind-tech.ch\/gt\/","logo":{"@type":"ImageObject","inLanguage":"de","@id":"https:\/\/grind-tech.ch\/gt\/#\/schema\/logo\/image\/","url":"https:\/\/grind-tech.ch\/gt\/wp-content\/uploads\/2023\/06\/grind-tech.logo_.jpeg","contentUrl":"https:\/\/grind-tech.ch\/gt\/wp-content\/uploads\/2023\/06\/grind-tech.logo_.jpeg","width":1600,"height":166,"caption":"Grinding Technologies GmbH"},"image":{"@id":"https:\/\/grind-tech.ch\/gt\/#\/schema\/logo\/image\/"}}]}},"_links":{"self":[{"href":"https:\/\/grind-tech.ch\/gt\/wp-json\/wp\/v2\/pages\/8590","targetHints":{"allow":["GET"]}}],"collection":[{"href":"https:\/\/grind-tech.ch\/gt\/wp-json\/wp\/v2\/pages"}],"about":[{"href":"https:\/\/grind-tech.ch\/gt\/wp-json\/wp\/v2\/types\/page"}],"author":[{"embeddable":true,"href":"https:\/\/grind-tech.ch\/gt\/wp-json\/wp\/v2\/users\/1"}],"replies":[{"embeddable":true,"href":"https:\/\/grind-tech.ch\/gt\/wp-json\/wp\/v2\/comments?post=8590"}],"version-history":[{"count":8,"href":"https:\/\/grind-tech.ch\/gt\/wp-json\/wp\/v2\/pages\/8590\/revisions"}],"predecessor-version":[{"id":9949,"href":"https:\/\/grind-tech.ch\/gt\/wp-json\/wp\/v2\/pages\/8590\/revisions\/9949"}],"wp:attachment":[{"href":"https:\/\/grind-tech.ch\/gt\/wp-json\/wp\/v2\/media?parent=8590"}],"curies":[{"name":"wp","href":"https:\/\/api.w.org\/{rel}","templated":true}]}}