{"id":9223,"date":"2019-01-28T02:18:46","date_gmt":"2019-01-28T02:18:46","guid":{"rendered":"https:\/\/grind-tech.ch\/gt\/seckler\/"},"modified":"2019-05-10T10:24:54","modified_gmt":"2019-05-10T10:24:54","slug":"seckler","status":"publish","type":"page","link":"https:\/\/grind-tech.ch\/gt\/seckler\/","title":{"rendered":"Seckler"},"content":{"rendered":"<p>[vc_row css=&#8220;.vc_custom_1550131731550{padding-top: 20px !important;}&#8220;][vc_column width=&#8220;1\/3&#8243;][\/vc_column][vc_column width=&#8220;1\/3&#8243;][vc_single_image image=&#8220;8985&#8243; img_size=&#8220;full&#8220; alignment=&#8220;center&#8220;][\/vc_column][vc_column width=&#8220;1\/3&#8243;][vc_column_text]<\/p>\n<p style=\"text-align: right;\">Anasayfa<\/p>\n<p>[\/vc_column_text][\/vc_column][\/vc_row][vc_row type=&#8220;full-width-content&#8220;][vc_column]<link href=\"https:\/\/fonts.googleapis.com\/css?family=Open+Sans:400%7CRoboto:500\" rel=\"stylesheet\" property=\"stylesheet\" type=\"text\/css\" media=\"all\">\n<div id=\"rev_slider_26_1_wrapper\" class=\"rev_slider_wrapper fullwidthbanner-container\" data-source=\"gallery\" style=\"margin:0px auto;background:transparent;padding:0px;margin-top:0px;margin-bottom:0px;\">\n<!-- START REVOLUTION SLIDER 5.4.8.1 fullwidth mode -->\n\t<div id=\"rev_slider_26_1\" class=\"rev_slider fullwidthabanner\" style=\"display:none;\" data-version=\"5.4.8.1\">\n<ul>\t<!-- SLIDE  -->\n\t<li data-index=\"rs-113\" data-transition=\"fade\" data-slotamount=\"default\" data-hideafterloop=\"0\" data-hideslideonmobile=\"off\"  data-easein=\"default\" data-easeout=\"default\" data-masterspeed=\"300\"  data-thumb=\"\"  data-rotate=\"0\"  data-saveperformance=\"off\"  data-title=\"MODULO 300\" data-param1=\"\" data-param2=\"\" data-param3=\"\" data-param4=\"\" data-param5=\"\" data-param6=\"\" data-param7=\"\" data-param8=\"\" data-param9=\"\" data-param10=\"\" data-description=\"\">\n\t\t<!-- MAIN IMAGE -->\n\t\t<img decoding=\"async\" src=\"https:\/\/grind-tech.ch\/gt\/wp-content\/plugins\/revslider\/admin\/assets\/images\/transparent.png\"  alt=\"\" title=\"Seckler\"  data-bgposition=\"center center\" data-bgfit=\"cover\" data-bgrepeat=\"no-repeat\" class=\"rev-slidebg\" data-no-retina>\n\t\t<!-- LAYERS -->\n\n\t\t<!-- LAYER NR. 1 -->\n\t\t<div class=\"tp-caption tp-layer-selectable  tp-resizeme\" \n\t\t\t id=\"slide-113-layer-1\" \n\t\t\t data-x=\"25\" \n\t\t\t data-y=\"18\" \n\t\t\t\t\t\tdata-width=\"['none','none','none','none']\"\n\t\t\tdata-height=\"['none','none','none','none']\"\n \n\t\t\tdata-type=\"image\" \n\t\t\tdata-responsive_offset=\"on\" \n\n\t\t\tdata-frames='[{\"delay\":30,\"speed\":310,\"frame\":\"0\",\"from\":\"opacity:0;\",\"to\":\"o:1;\",\"ease\":\"Power3.easeInOut\"},{\"delay\":\"wait\",\"speed\":310,\"frame\":\"999\",\"to\":\"opacity:0;\",\"ease\":\"Power3.easeInOut\"}]'\n\t\t\tdata-textAlign=\"['inherit','inherit','inherit','inherit']\"\n\t\t\tdata-paddingtop=\"[0,0,0,0]\"\n\t\t\tdata-paddingright=\"[0,0,0,0]\"\n\t\t\tdata-paddingbottom=\"[0,0,0,0]\"\n\t\t\tdata-paddingleft=\"[0,0,0,0]\"\n\n\t\t\tstyle=\"z-index: 5;\"><img loading=\"lazy\" decoding=\"async\" src=\"https:\/\/grind-tech.ch\/gt\/wp-content\/uploads\/2019\/02\/SECKLER-MODULO-300-1024x552.png\" alt=\"\" data-ww=\"586px\" data-hh=\"316px\" width=\"1024\" height=\"552\" data-no-retina> <\/div>\n\n\t\t<!-- LAYER NR. 2 -->\n\t\t<div class=\"tp-caption tp-layer-selectable  tp-resizeme\" \n\t\t\t id=\"slide-113-layer-2\" \n\t\t\t data-x=\"653\" \n\t\t\t data-y=\"137\" \n\t\t\t\t\t\tdata-width=\"['auto']\"\n\t\t\tdata-height=\"['auto']\"\n \n\t\t\tdata-type=\"text\" \n\t\t\tdata-responsive_offset=\"on\" \n\n\t\t\tdata-frames='[{\"delay\":30,\"speed\":310,\"frame\":\"0\",\"from\":\"opacity:0;\",\"to\":\"o:1;\",\"ease\":\"Power3.easeInOut\"},{\"delay\":\"wait\",\"speed\":310,\"frame\":\"999\",\"to\":\"opacity:0;\",\"ease\":\"Power3.easeInOut\"}]'\n\t\t\tdata-textAlign=\"['inherit','inherit','inherit','inherit']\"\n\t\t\tdata-paddingtop=\"[0,0,0,0]\"\n\t\t\tdata-paddingright=\"[0,0,0,0]\"\n\t\t\tdata-paddingbottom=\"[0,0,0,0]\"\n\t\t\tdata-paddingleft=\"[0,0,0,0]\"\n\n\t\t\tstyle=\"z-index: 6; white-space: nowrap; font-size: 20px; line-height: 22px; font-weight: 400; color: #191919; letter-spacing: 0px;font-family:Open Sans;\">Die modulare Handhabungszelle SECKLER modulo<br> erm\u00f6glicht eine absolut bed\u00fcrfnisgerechte, <br>individuelle und automatische Best\u00fcckung von <br>Bearbeitungsmaschinen.  <\/div>\n\n\t\t<!-- LAYER NR. 3 -->\n\t\t<div class=\"tp-caption rev-btn rev-withicon tp-layer-selectable \" \n\t\t\t id=\"slide-113-layer-3\" \n\t\t\t data-x=\"984\" \n\t\t\t data-y=\"241\" \n\t\t\t\t\t\tdata-width=\"['auto']\"\n\t\t\tdata-height=\"['auto']\"\n \n\t\t\tdata-type=\"button\" \n\t\t\tdata-actions='[{\"event\":\"click\",\"action\":\"simplelink\",\"target\":\"_self\",\"url\":\"https:\\\/\\\/grind-tech.ch\\\/gt\\\/seckler\\\/seckler-modulo-300\\\/?lang=de\",\"delay\":\"\"}]'\n\t\t\tdata-responsive_offset=\"on\" \n\t\t\tdata-responsive=\"off\"\n\t\t\tdata-frames='[{\"delay\":30,\"speed\":310,\"frame\":\"0\",\"from\":\"opacity:0;\",\"to\":\"o:1;\",\"ease\":\"Power3.easeInOut\"},{\"delay\":\"wait\",\"speed\":310,\"frame\":\"999\",\"to\":\"opacity:0;\",\"ease\":\"Power3.easeInOut\"},{\"frame\":\"hover\",\"speed\":\"0\",\"ease\":\"Linear.easeNone\",\"to\":\"o:1;rX:0;rY:0;rZ:0;z:0;\",\"style\":\"c:rgba(0,0,0,1);bg:rgba(255,255,255,1);bs:solid;bw:0 0 0 0;\"}]'\n\t\t\tdata-textAlign=\"['inherit','inherit','inherit','inherit']\"\n\t\t\tdata-paddingtop=\"[10,10,10,10]\"\n\t\t\tdata-paddingright=\"[30,30,30,30]\"\n\t\t\tdata-paddingbottom=\"[10,10,10,10]\"\n\t\t\tdata-paddingleft=\"[30,30,30,30]\"\n\n\t\t\tstyle=\"z-index: 7; white-space: nowrap; font-size: 14px; line-height: 14px; font-weight: 500; color: rgba(255,255,255,1); letter-spacing: px;font-family:Roboto;background-color:rgba(18,80,144,0.75);border-color:rgba(0,0,0,1);border-radius:30px 30px 30px 30px;outline:none;box-shadow:none;box-sizing:border-box;-moz-box-sizing:border-box;-webkit-box-sizing:border-box;cursor:pointer;\">Weiter Lesen<i class=\"fa-icon-chevron-right\"><\/i> <\/div>\n\n\t\t<!-- LAYER NR. 4 -->\n\t\t<div class=\"tp-caption tp-layer-selectable  tp-resizeme\" \n\t\t\t id=\"slide-113-layer-5\" \n\t\t\t data-x=\"652\" \n\t\t\t data-y=\"75\" \n\t\t\t\t\t\tdata-width=\"['auto']\"\n\t\t\tdata-height=\"['auto']\"\n \n\t\t\tdata-type=\"text\" \n\t\t\tdata-responsive_offset=\"on\" \n\n\t\t\tdata-frames='[{\"delay\":30,\"speed\":310,\"frame\":\"0\",\"from\":\"opacity:0;\",\"to\":\"o:1;\",\"ease\":\"Power3.easeInOut\"},{\"delay\":\"wait\",\"speed\":310,\"frame\":\"999\",\"to\":\"opacity:0;\",\"ease\":\"Power3.easeInOut\"}]'\n\t\t\tdata-textAlign=\"['inherit','inherit','inherit','inherit']\"\n\t\t\tdata-paddingtop=\"[0,0,0,0]\"\n\t\t\tdata-paddingright=\"[0,0,0,0]\"\n\t\t\tdata-paddingbottom=\"[0,0,0,0]\"\n\t\t\tdata-paddingleft=\"[0,0,0,0]\"\n\n\t\t\tstyle=\"z-index: 8; white-space: nowrap; font-size: 30px; line-height: 60px; font-weight: 700; color: #125090; letter-spacing: 0px;font-family:Arial;background-color:rgba(255,255,255,0);\">Seckler Modulo 300 <\/div>\n\t<\/li>\n\t<!-- SLIDE  -->\n\t<li data-index=\"rs-114\" data-transition=\"fade\" data-slotamount=\"default\" data-hideafterloop=\"0\" data-hideslideonmobile=\"off\"  data-easein=\"default\" data-easeout=\"default\" data-masterspeed=\"300\"  data-thumb=\"\"  data-rotate=\"0\"  data-saveperformance=\"off\"  data-title=\"DEBURO\" data-param1=\"\" data-param2=\"\" data-param3=\"\" data-param4=\"\" data-param5=\"\" data-param6=\"\" data-param7=\"\" data-param8=\"\" data-param9=\"\" data-param10=\"\" data-description=\"\">\n\t\t<!-- MAIN IMAGE -->\n\t\t<img decoding=\"async\" src=\"https:\/\/grind-tech.ch\/gt\/wp-content\/plugins\/revslider\/admin\/assets\/images\/transparent.png\"  alt=\"\" title=\"Seckler\"  data-bgposition=\"center center\" data-bgfit=\"cover\" data-bgrepeat=\"no-repeat\" class=\"rev-slidebg\" data-no-retina>\n\t\t<!-- LAYERS -->\n\n\t\t<!-- LAYER NR. 5 -->\n\t\t<div class=\"tp-caption tp-layer-selectable  tp-resizeme\" \n\t\t\t id=\"slide-114-layer-1\" \n\t\t\t data-x=\"21\" \n\t\t\t data-y=\"22\" \n\t\t\t\t\t\tdata-width=\"['none','none','none','none']\"\n\t\t\tdata-height=\"['none','none','none','none']\"\n \n\t\t\tdata-type=\"image\" \n\t\t\tdata-responsive_offset=\"on\" \n\n\t\t\tdata-frames='[{\"delay\":0,\"speed\":310,\"frame\":\"0\",\"from\":\"opacity:0;\",\"to\":\"o:1;\",\"ease\":\"Power3.easeInOut\"},{\"delay\":\"wait\",\"speed\":310,\"frame\":\"999\",\"to\":\"opacity:0;\",\"ease\":\"Power3.easeInOut\"}]'\n\t\t\tdata-textAlign=\"['inherit','inherit','inherit','inherit']\"\n\t\t\tdata-paddingtop=\"[0,0,0,0]\"\n\t\t\tdata-paddingright=\"[0,0,0,0]\"\n\t\t\tdata-paddingbottom=\"[0,0,0,0]\"\n\t\t\tdata-paddingleft=\"[0,0,0,0]\"\n\n\t\t\tstyle=\"z-index: 5;\"><img loading=\"lazy\" decoding=\"async\" src=\"https:\/\/grind-tech.ch\/gt\/wp-content\/uploads\/2019\/02\/SECKLER-DEBURO-1024x555.png\" alt=\"\" data-ww=\"554px\" data-hh=\"300px\" width=\"1024\" height=\"555\" data-no-retina> <\/div>\n\n\t\t<!-- LAYER NR. 6 -->\n\t\t<div class=\"tp-caption tp-layer-selectable  tp-resizeme\" \n\t\t\t id=\"slide-114-layer-2\" \n\t\t\t data-x=\"657\" \n\t\t\t data-y=\"132\" \n\t\t\t\t\t\tdata-width=\"['auto']\"\n\t\t\tdata-height=\"['auto']\"\n \n\t\t\tdata-type=\"text\" \n\t\t\tdata-responsive_offset=\"on\" \n\n\t\t\tdata-frames='[{\"delay\":0,\"speed\":310,\"frame\":\"0\",\"from\":\"opacity:0;\",\"to\":\"o:1;\",\"ease\":\"Power3.easeInOut\"},{\"delay\":\"wait\",\"speed\":310,\"frame\":\"999\",\"to\":\"opacity:0;\",\"ease\":\"Power3.easeInOut\"}]'\n\t\t\tdata-textAlign=\"['inherit','inherit','inherit','inherit']\"\n\t\t\tdata-paddingtop=\"[0,0,0,0]\"\n\t\t\tdata-paddingright=\"[0,0,0,0]\"\n\t\t\tdata-paddingbottom=\"[0,0,0,0]\"\n\t\t\tdata-paddingleft=\"[0,0,0,0]\"\n\n\t\t\tstyle=\"z-index: 6; white-space: nowrap; font-size: 20px; line-height: 22px; font-weight: 400; color: #191919; letter-spacing: 0px;font-family:Open Sans;\">In jeder mechanischen Fertigung ergeben sich, <br>trotz bester Bearbeitungstechnologie, auch heute <br>noch Entgratprobleme. Diese Bearbeitungsgrate <br>entstehen nach Fertigungsoperationen wie Fr\u00e4sen, <br>Drehen, Schleifen, Honen usw. Die heutige <br>Kostensituation und die steigenden Qualit\u00e4tsanforderungen <br>zwingen jedoch zu prozesssicheren <br>automatisierbaren L\u00f6sungen. <\/div>\n\n\t\t<!-- LAYER NR. 7 -->\n\t\t<div class=\"tp-caption rev-btn rev-withicon tp-layer-selectable \" \n\t\t\t id=\"slide-114-layer-3\" \n\t\t\t data-x=\"988\" \n\t\t\t data-y=\"317\" \n\t\t\t\t\t\tdata-width=\"['auto']\"\n\t\t\tdata-height=\"['auto']\"\n \n\t\t\tdata-type=\"button\" \n\t\t\tdata-actions='[{\"event\":\"click\",\"action\":\"simplelink\",\"target\":\"_self\",\"url\":\"https:\\\/\\\/grind-tech.ch\\\/gt\\\/seckler\\\/seckler-deburo\\\/?lang=de\",\"delay\":\"\"}]'\n\t\t\tdata-responsive_offset=\"on\" \n\t\t\tdata-responsive=\"off\"\n\t\t\tdata-frames='[{\"delay\":0,\"speed\":310,\"frame\":\"0\",\"from\":\"opacity:0;\",\"to\":\"o:1;\",\"ease\":\"Power3.easeInOut\"},{\"delay\":\"wait\",\"speed\":310,\"frame\":\"999\",\"to\":\"opacity:0;\",\"ease\":\"Power3.easeInOut\"},{\"frame\":\"hover\",\"speed\":\"0\",\"ease\":\"Linear.easeNone\",\"to\":\"o:1;rX:0;rY:0;rZ:0;z:0;\",\"style\":\"c:rgba(0,0,0,1);bg:rgba(255,255,255,1);bs:solid;bw:0 0 0 0;\"}]'\n\t\t\tdata-textAlign=\"['inherit','inherit','inherit','inherit']\"\n\t\t\tdata-paddingtop=\"[10,10,10,10]\"\n\t\t\tdata-paddingright=\"[30,30,30,30]\"\n\t\t\tdata-paddingbottom=\"[10,10,10,10]\"\n\t\t\tdata-paddingleft=\"[30,30,30,30]\"\n\n\t\t\tstyle=\"z-index: 7; white-space: nowrap; font-size: 14px; line-height: 14px; font-weight: 500; color: rgba(255,255,255,1); letter-spacing: px;font-family:Roboto;background-color:rgba(18,80,144,0.75);border-color:rgba(0,0,0,1);border-radius:30px 30px 30px 30px;outline:none;box-shadow:none;box-sizing:border-box;-moz-box-sizing:border-box;-webkit-box-sizing:border-box;cursor:pointer;\">Weiter Lesen<i class=\"fa-icon-chevron-right\"><\/i> <\/div>\n\n\t\t<!-- LAYER NR. 8 -->\n\t\t<div class=\"tp-caption tp-layer-selectable  tp-resizeme\" \n\t\t\t id=\"slide-114-layer-5\" \n\t\t\t data-x=\"657\" \n\t\t\t data-y=\"71\" \n\t\t\t\t\t\tdata-width=\"['auto']\"\n\t\t\tdata-height=\"['auto']\"\n \n\t\t\tdata-type=\"text\" \n\t\t\tdata-responsive_offset=\"on\" \n\n\t\t\tdata-frames='[{\"delay\":0,\"speed\":310,\"frame\":\"0\",\"from\":\"opacity:0;\",\"to\":\"o:1;\",\"ease\":\"Power3.easeInOut\"},{\"delay\":\"wait\",\"speed\":310,\"frame\":\"999\",\"to\":\"opacity:0;\",\"ease\":\"Power3.easeInOut\"}]'\n\t\t\tdata-textAlign=\"['inherit','inherit','inherit','inherit']\"\n\t\t\tdata-paddingtop=\"[0,0,0,0]\"\n\t\t\tdata-paddingright=\"[0,0,0,0]\"\n\t\t\tdata-paddingbottom=\"[0,0,0,0]\"\n\t\t\tdata-paddingleft=\"[0,0,0,0]\"\n\n\t\t\tstyle=\"z-index: 8; white-space: nowrap; font-size: 30px; line-height: 60px; font-weight: 700; color: #125090; letter-spacing: 0px;font-family:Arial;background-color:rgba(255,255,255,0);\">Seckler Deburo <\/div>\n\t<\/li>\n<\/ul>\n<script>var htmlDiv = document.getElementById(\"rs-plugin-settings-inline-css\"); var htmlDivCss=\"\";\r\r\n\t\t\t\t\t\tif(htmlDiv) {\r\r\n\t\t\t\t\t\t\thtmlDiv.innerHTML = htmlDiv.innerHTML + htmlDivCss;\r\r\n\t\t\t\t\t\t}else{\r\r\n\t\t\t\t\t\t\tvar htmlDiv = document.createElement(\"div\");\r\r\n\t\t\t\t\t\t\thtmlDiv.innerHTML = \"<style>\" + htmlDivCss + \"<\/style>\";\r\r\n\t\t\t\t\t\t\tdocument.getElementsByTagName(\"head\")[0].appendChild(htmlDiv.childNodes[0]);\r\r\n\t\t\t\t\t\t}\r\r\n\t\t\t\t\t<\/script>\n<div class=\"tp-bannertimer tp-bottom\" style=\"visibility: hidden !important;\"><\/div>\t<\/div>\n<script>\r\r\n\t\t\t\t\tvar htmlDivCss = unescape(\".hermes.tparrows%20%7B%0A%09cursor%3Apointer%3B%0A%09background%3Argba%2818%2C%2080%2C%20144%2C%201%29%3B%0A%09width%3A30px%3B%0A%09height%3A150px%3B%0A%09position%3Aabsolute%3B%0A%09display%3Ablock%3B%0A%09z-index%3A100%3B%0A%7D%0A%0A.hermes.tparrows%3Abefore%20%7B%0A%09font-family%3A%20%22revicons%22%3B%0A%09font-size%3A15px%3B%0A%09color%3Argb%28255%2C%20255%2C%20255%29%3B%0A%09display%3Ablock%3B%0A%09line-height%3A%20150px%3B%0A%09text-align%3A%20center%3B%0A%20%20%20%20transform%3Atranslatex%280px%29%3B%0A%20%20%20%20-webkit-transform%3Atranslatex%280px%29%3B%0A%20%20%20%20transition%3Aall%200.3s%3B%0A%20%20%20%20-webkit-transition%3Aall%200.3s%3B%0A%7D%0A.hermes.tparrows.tp-leftarrow%3Abefore%20%7B%0A%09content%3A%20%22%5Ce824%22%3B%0A%7D%0A.hermes.tparrows.tp-rightarrow%3Abefore%20%7B%0A%09content%3A%20%22%5Ce825%22%3B%0A%7D%0A.hermes.tparrows.tp-leftarrow%3Ahover%3Abefore%20%7B%0A%20%20%20%20transform%3Atranslatex%28-20px%29%3B%0A%20%20%20%20-webkit-transform%3Atranslatex%28-20px%29%3B%0A%20%20%20%20%20opacity%3A0%3B%0A%7D%0A.hermes.tparrows.tp-rightarrow%3Ahover%3Abefore%20%7B%0A%20%20%20%20transform%3Atranslatex%2820px%29%3B%0A%20%20%20%20-webkit-transform%3Atranslatex%2820px%29%3B%0A%20%20%20%20%20opacity%3A0%3B%0A%7D%0A%0A.hermes%20.tp-arr-allwrapper%20%7B%0A%20%20%20%20overflow%3Ahidden%3B%0A%20%20%20%20position%3Aabsolute%3B%0A%09width%3A180px%3B%0A%20%20%20%20height%3A140px%3B%0A%20%20%20%20top%3A0px%3B%0A%20%20%20%20left%3A0px%3B%0A%20%20%20%20visibility%3Ahidden%3B%0A%20%20%20%20%20%20-webkit-transition%3A%20-webkit-transform%200.3s%200.3s%3B%0A%20%20transition%3A%20transform%200.3s%200.3s%3B%0A%20%20-webkit-perspective%3A%201000px%3B%0A%20%20perspective%3A%201000px%3B%0A%20%20%20%20%7D%0A.hermes.tp-rightarrow%20.tp-arr-allwrapper%20%7B%0A%20%20%20right%3A0px%3Bleft%3Aauto%3B%0A%20%20%20%20%20%20%7D%0A.hermes.tparrows%3Ahover%20.tp-arr-allwrapper%20%7B%0A%20%20%20visibility%3Avisible%3B%0A%20%20%20%20%20%20%20%20%20%20%7D%0A.hermes%20.tp-arr-imgholder%20%7B%0A%20%20width%3A180px%3Bposition%3Aabsolute%3B%0A%20%20left%3A0px%3Btop%3A0px%3Bheight%3A150px%3B%0A%20%20transform%3Atranslatex%28-180px%29%3B%0A%20%20-webkit-transform%3Atranslatex%28-180px%29%3B%0A%20%20transition%3Aall%200.3s%3B%0A%20%20transition-delay%3A0.3s%3B%0A%7D%0A.hermes.tp-rightarrow%20.tp-arr-imgholder%7B%0A%20%20%20%20transform%3Atranslatex%28180px%29%3B%0A%20%20-webkit-transform%3Atranslatex%28180px%29%3B%0A%20%20%20%20%20%20%7D%0A%20%20%0A.hermes.tparrows%3Ahover%20.tp-arr-imgholder%20%7B%0A%20%20%20transform%3Atranslatex%280px%29%3B%0A%20%20%20-webkit-transform%3Atranslatex%280px%29%3B%20%20%20%20%20%20%20%20%20%20%20%20%0A%7D%0A.hermes%20.tp-arr-titleholder%20%7B%0A%20%20top%3A150px%3B%0A%20%20width%3A180px%3B%0A%20%20text-align%3Aleft%3B%20%0A%20%20display%3Ablock%3B%0A%20%20padding%3A0px%2010px%3B%0A%20%20line-height%3A30px%3B%20background%3A%23000%3B%0A%20%20background%3Argba%2818%2C%2080%2C%20144%2C%200.75%29%3B%0A%20%20color%3Argb%28255%2C%20255%2C%20255%29%3B%0A%20%20font-weight%3A600%3B%20position%3Aabsolute%3B%0A%20%20font-size%3A12px%3B%0A%20%20white-space%3Anowrap%3B%0A%20%20letter-spacing%3A1px%3B%0A%20%20-webkit-transition%3A%20all%200.3s%3B%0A%20%20transition%3A%20all%200.3s%3B%0A%20%20-webkit-transform%3A%20rotatex%28-90deg%29%3B%0A%20%20transform%3A%20rotatex%28-90deg%29%3B%0A%20%20-webkit-transform-origin%3A%2050%25%200%3B%0A%20%20transform-origin%3A%2050%25%200%3B%0A%20%20box-sizing%3Aborder-box%3B%0A%0A%7D%0A.hermes.tparrows%3Ahover%20.tp-arr-titleholder%20%7B%0A%20%20%20%20-webkit-transition-delay%3A%200.6s%3B%0A%20%20transition-delay%3A%200.6s%3B%0A%20%20-webkit-transform%3A%20rotatex%280deg%29%3B%0A%20%20transform%3A%20rotatex%280deg%29%3B%0A%7D%0A%0A\");\r\r\n\t\t\t\t\tvar htmlDiv = document.getElementById('rs-plugin-settings-inline-css');\r\r\n\t\t\t\t\tif(htmlDiv) {\r\r\n\t\t\t\t\t\thtmlDiv.innerHTML = htmlDiv.innerHTML + htmlDivCss;\r\r\n\t\t\t\t\t}\r\r\n\t\t\t\t\telse{\r\r\n\t\t\t\t\t\tvar htmlDiv = document.createElement('div');\r\r\n\t\t\t\t\t\thtmlDiv.innerHTML = '<style>' + htmlDivCss + '<\/style>';\r\r\n\t\t\t\t\t\tdocument.getElementsByTagName('head')[0].appendChild(htmlDiv.childNodes[0]);\r\r\n\t\t\t\t\t}\r\r\n\t\t\t\t  <\/script>\r\r\n\t\t\t\t<\/div><!-- END REVOLUTION SLIDER -->[\/vc_column][\/vc_row]<\/p>\n","protected":false},"excerpt":{"rendered":"<p>[vc_row css=&#8220;.vc_custom_1550131731550{padding-top: 20px !important;}&#8220;][vc_column width=&#8220;1\/3&#8243;][\/vc_column][vc_column width=&#8220;1\/3&#8243;][vc_single_image image=&#8220;8985&#8243; img_size=&#8220;full&#8220; alignment=&#8220;center&#8220;][\/vc_column][vc_column width=&#8220;1\/3&#8243;][vc_column_text] Anasayfa [\/vc_column_text][\/vc_column][\/vc_row][vc_row type=&#8220;full-width-content&#8220;][vc_column] Die modulare Handhabungszelle SECKLER modulo erm\u00f6glicht eine absolut bed\u00fcrfnisgerechte, individuelle und automatische Best\u00fcckung von Bearbeitungsmaschinen. Weiter Lesen Seckler Modulo 300 In jeder mechanischen Fertigung ergeben sich, trotz bester Bearbeitungstechnologie, auch heute noch Entgratprobleme. Diese Bearbeitungsgrate entstehen nach Fertigungsoperationen wie Fr\u00e4sen, Drehen, Schleifen,<br \/><a href=\"https:\/\/grind-tech.ch\/gt\/seckler\/\" class=\"more\">Read more<\/a><\/p>\n","protected":false},"author":1,"featured_media":0,"parent":0,"menu_order":0,"comment_status":"closed","ping_status":"closed","template":"","meta":{"footnotes":""},"class_list":["post-9223","page","type-page","status-publish","hentry"],"yoast_head":"<!-- This site is optimized with the Yoast SEO plugin v27.3 - https:\/\/yoast.com\/product\/yoast-seo-wordpress\/ -->\n<title>Seckler - Grinding Technologies GmbH<\/title>\n<meta name=\"robots\" content=\"index, follow, max-snippet:-1, max-image-preview:large, max-video-preview:-1\" \/>\n<link rel=\"canonical\" href=\"https:\/\/grind-tech.ch\/gt\/seckler\/\" \/>\n<meta property=\"og:locale\" content=\"de_DE\" \/>\n<meta property=\"og:type\" content=\"article\" \/>\n<meta property=\"og:title\" content=\"Seckler - Grinding Technologies GmbH\" \/>\n<meta property=\"og:description\" content=\"[vc_row css=&#8220;.vc_custom_1550131731550{padding-top: 20px !important;}&#8220;][vc_column width=&#8220;1\/3&#8243;][\/vc_column][vc_column width=&#8220;1\/3&#8243;][vc_single_image image=&#8220;8985&#8243; img_size=&#8220;full&#8220; alignment=&#8220;center&#8220;][\/vc_column][vc_column width=&#8220;1\/3&#8243;][vc_column_text] Anasayfa [\/vc_column_text][\/vc_column][\/vc_row][vc_row type=&#8220;full-width-content&#8220;][vc_column] Die modulare Handhabungszelle SECKLER modulo erm\u00f6glicht eine absolut bed\u00fcrfnisgerechte, individuelle und automatische Best\u00fcckung von Bearbeitungsmaschinen. Weiter Lesen Seckler Modulo 300 In jeder mechanischen Fertigung ergeben sich, trotz bester Bearbeitungstechnologie, auch heute noch Entgratprobleme. Diese Bearbeitungsgrate entstehen nach Fertigungsoperationen wie Fr\u00e4sen, Drehen, Schleifen,Read more\" \/>\n<meta property=\"og:url\" content=\"https:\/\/grind-tech.ch\/gt\/seckler\/\" \/>\n<meta property=\"og:site_name\" content=\"Grinding Technologies GmbH\" \/>\n<meta property=\"article:modified_time\" content=\"2019-05-10T10:24:54+00:00\" \/>\n<meta name=\"twitter:card\" content=\"summary_large_image\" \/>\n<script type=\"application\/ld+json\" class=\"yoast-schema-graph\">{\"@context\":\"https:\\\/\\\/schema.org\",\"@graph\":[{\"@type\":\"WebPage\",\"@id\":\"https:\\\/\\\/grind-tech.ch\\\/gt\\\/seckler\\\/\",\"url\":\"https:\\\/\\\/grind-tech.ch\\\/gt\\\/seckler\\\/\",\"name\":\"Seckler - Grinding Technologies GmbH\",\"isPartOf\":{\"@id\":\"https:\\\/\\\/grind-tech.ch\\\/gt\\\/#website\"},\"datePublished\":\"2019-01-28T02:18:46+00:00\",\"dateModified\":\"2019-05-10T10:24:54+00:00\",\"breadcrumb\":{\"@id\":\"https:\\\/\\\/grind-tech.ch\\\/gt\\\/seckler\\\/#breadcrumb\"},\"inLanguage\":\"de\",\"potentialAction\":[{\"@type\":\"ReadAction\",\"target\":[\"https:\\\/\\\/grind-tech.ch\\\/gt\\\/seckler\\\/\"]}]},{\"@type\":\"BreadcrumbList\",\"@id\":\"https:\\\/\\\/grind-tech.ch\\\/gt\\\/seckler\\\/#breadcrumb\",\"itemListElement\":[{\"@type\":\"ListItem\",\"position\":1,\"name\":\"Startseite\",\"item\":\"https:\\\/\\\/grind-tech.ch\\\/gt\\\/\"},{\"@type\":\"ListItem\",\"position\":2,\"name\":\"Seckler\"}]},{\"@type\":\"WebSite\",\"@id\":\"https:\\\/\\\/grind-tech.ch\\\/gt\\\/#website\",\"url\":\"https:\\\/\\\/grind-tech.ch\\\/gt\\\/\",\"name\":\"Grinding Technologies GmbH\",\"description\":\"SMART GRINDING SOLUTION\",\"publisher\":{\"@id\":\"https:\\\/\\\/grind-tech.ch\\\/gt\\\/#organization\"},\"potentialAction\":[{\"@type\":\"SearchAction\",\"target\":{\"@type\":\"EntryPoint\",\"urlTemplate\":\"https:\\\/\\\/grind-tech.ch\\\/gt\\\/?s={search_term_string}\"},\"query-input\":{\"@type\":\"PropertyValueSpecification\",\"valueRequired\":true,\"valueName\":\"search_term_string\"}}],\"inLanguage\":\"de\"},{\"@type\":\"Organization\",\"@id\":\"https:\\\/\\\/grind-tech.ch\\\/gt\\\/#organization\",\"name\":\"Grinding Technologies GmbH\",\"url\":\"https:\\\/\\\/grind-tech.ch\\\/gt\\\/\",\"logo\":{\"@type\":\"ImageObject\",\"inLanguage\":\"de\",\"@id\":\"https:\\\/\\\/grind-tech.ch\\\/gt\\\/#\\\/schema\\\/logo\\\/image\\\/\",\"url\":\"https:\\\/\\\/grind-tech.ch\\\/gt\\\/wp-content\\\/uploads\\\/2023\\\/06\\\/grind-tech.logo_.jpeg\",\"contentUrl\":\"https:\\\/\\\/grind-tech.ch\\\/gt\\\/wp-content\\\/uploads\\\/2023\\\/06\\\/grind-tech.logo_.jpeg\",\"width\":1600,\"height\":166,\"caption\":\"Grinding Technologies GmbH\"},\"image\":{\"@id\":\"https:\\\/\\\/grind-tech.ch\\\/gt\\\/#\\\/schema\\\/logo\\\/image\\\/\"}}]}<\/script>\n<!-- \/ Yoast SEO plugin. -->","yoast_head_json":{"title":"Seckler - Grinding Technologies GmbH","robots":{"index":"index","follow":"follow","max-snippet":"max-snippet:-1","max-image-preview":"max-image-preview:large","max-video-preview":"max-video-preview:-1"},"canonical":"https:\/\/grind-tech.ch\/gt\/seckler\/","og_locale":"de_DE","og_type":"article","og_title":"Seckler - Grinding Technologies GmbH","og_description":"[vc_row css=&#8220;.vc_custom_1550131731550{padding-top: 20px !important;}&#8220;][vc_column width=&#8220;1\/3&#8243;][\/vc_column][vc_column width=&#8220;1\/3&#8243;][vc_single_image image=&#8220;8985&#8243; img_size=&#8220;full&#8220; alignment=&#8220;center&#8220;][\/vc_column][vc_column width=&#8220;1\/3&#8243;][vc_column_text] Anasayfa [\/vc_column_text][\/vc_column][\/vc_row][vc_row type=&#8220;full-width-content&#8220;][vc_column] Die modulare Handhabungszelle SECKLER modulo erm\u00f6glicht eine absolut bed\u00fcrfnisgerechte, individuelle und automatische Best\u00fcckung von Bearbeitungsmaschinen. Weiter Lesen Seckler Modulo 300 In jeder mechanischen Fertigung ergeben sich, trotz bester Bearbeitungstechnologie, auch heute noch Entgratprobleme. Diese Bearbeitungsgrate entstehen nach Fertigungsoperationen wie Fr\u00e4sen, Drehen, Schleifen,Read more","og_url":"https:\/\/grind-tech.ch\/gt\/seckler\/","og_site_name":"Grinding Technologies GmbH","article_modified_time":"2019-05-10T10:24:54+00:00","twitter_card":"summary_large_image","schema":{"@context":"https:\/\/schema.org","@graph":[{"@type":"WebPage","@id":"https:\/\/grind-tech.ch\/gt\/seckler\/","url":"https:\/\/grind-tech.ch\/gt\/seckler\/","name":"Seckler - Grinding Technologies GmbH","isPartOf":{"@id":"https:\/\/grind-tech.ch\/gt\/#website"},"datePublished":"2019-01-28T02:18:46+00:00","dateModified":"2019-05-10T10:24:54+00:00","breadcrumb":{"@id":"https:\/\/grind-tech.ch\/gt\/seckler\/#breadcrumb"},"inLanguage":"de","potentialAction":[{"@type":"ReadAction","target":["https:\/\/grind-tech.ch\/gt\/seckler\/"]}]},{"@type":"BreadcrumbList","@id":"https:\/\/grind-tech.ch\/gt\/seckler\/#breadcrumb","itemListElement":[{"@type":"ListItem","position":1,"name":"Startseite","item":"https:\/\/grind-tech.ch\/gt\/"},{"@type":"ListItem","position":2,"name":"Seckler"}]},{"@type":"WebSite","@id":"https:\/\/grind-tech.ch\/gt\/#website","url":"https:\/\/grind-tech.ch\/gt\/","name":"Grinding Technologies GmbH","description":"SMART GRINDING SOLUTION","publisher":{"@id":"https:\/\/grind-tech.ch\/gt\/#organization"},"potentialAction":[{"@type":"SearchAction","target":{"@type":"EntryPoint","urlTemplate":"https:\/\/grind-tech.ch\/gt\/?s={search_term_string}"},"query-input":{"@type":"PropertyValueSpecification","valueRequired":true,"valueName":"search_term_string"}}],"inLanguage":"de"},{"@type":"Organization","@id":"https:\/\/grind-tech.ch\/gt\/#organization","name":"Grinding Technologies GmbH","url":"https:\/\/grind-tech.ch\/gt\/","logo":{"@type":"ImageObject","inLanguage":"de","@id":"https:\/\/grind-tech.ch\/gt\/#\/schema\/logo\/image\/","url":"https:\/\/grind-tech.ch\/gt\/wp-content\/uploads\/2023\/06\/grind-tech.logo_.jpeg","contentUrl":"https:\/\/grind-tech.ch\/gt\/wp-content\/uploads\/2023\/06\/grind-tech.logo_.jpeg","width":1600,"height":166,"caption":"Grinding Technologies GmbH"},"image":{"@id":"https:\/\/grind-tech.ch\/gt\/#\/schema\/logo\/image\/"}}]}},"_links":{"self":[{"href":"https:\/\/grind-tech.ch\/gt\/wp-json\/wp\/v2\/pages\/9223","targetHints":{"allow":["GET"]}}],"collection":[{"href":"https:\/\/grind-tech.ch\/gt\/wp-json\/wp\/v2\/pages"}],"about":[{"href":"https:\/\/grind-tech.ch\/gt\/wp-json\/wp\/v2\/types\/page"}],"author":[{"embeddable":true,"href":"https:\/\/grind-tech.ch\/gt\/wp-json\/wp\/v2\/users\/1"}],"replies":[{"embeddable":true,"href":"https:\/\/grind-tech.ch\/gt\/wp-json\/wp\/v2\/comments?post=9223"}],"version-history":[{"count":1,"href":"https:\/\/grind-tech.ch\/gt\/wp-json\/wp\/v2\/pages\/9223\/revisions"}],"predecessor-version":[{"id":9372,"href":"https:\/\/grind-tech.ch\/gt\/wp-json\/wp\/v2\/pages\/9223\/revisions\/9372"}],"wp:attachment":[{"href":"https:\/\/grind-tech.ch\/gt\/wp-json\/wp\/v2\/media?parent=9223"}],"curies":[{"name":"wp","href":"https:\/\/api.w.org\/{rel}","templated":true}]}}